{"id":27331,"date":"2024-06-01T10:57:34","date_gmt":"2024-06-01T08:57:34","guid":{"rendered":"http:\/\/18.195.159.108\/impressum\/"},"modified":"2025-07-13T23:10:43","modified_gmt":"2025-07-13T21:10:43","slug":"impressum","status":"publish","type":"page","link":"https:\/\/natura.jewelry\/de\/impressum\/","title":{"rendered":"Impressum"},"content":{"rendered":"\n<p>Natura Jewelry<br\/>A brand of NaturaLuxe UG (haftungsbeschr\u00e4nkt)<br\/>Director: Christina Sin<br\/>Cosimastrasse 121 <br\/>81925 M\u00fcnchen <br\/>Germany<br\/>E-Mail: <a href=\"mailto:info@natura.jewlery\">info@natura.jewlery<\/a><\/p>\n\n<p>Registration: Amtsgericht Munich HRB 301909 <br\/>VAT-ID: 143\/165\/80239<\/p>\n\n<h2 class=\"wp-block-heading\"><strong>Haftungsausschluss\/Disclaimer<\/strong><\/h2>\n\n<ol class=\"wp-block-list\">\n<li>Inhalte<br\/>Der Autor \u00fcbernimmt keinerlei Gew\u00e4hr f\u00fcr die Aktualit\u00e4t, Korrektheit, Vollst\u00e4ndigkeit oder Qualit\u00e4t der bereitgestellten Informationen. Haftungsanspr\u00fcche gegen den Autor, welche sich auf Sch\u00e4den materieller oder ideeller Art beziehen, die durch die Nutzung oder Nichtnutzung der dargebotenen Informationen bzw. durch die Nutzung fehlerhafter und unvollst\u00e4ndiger Informationen verursacht wurden, sind grunds\u00e4tzlich ausgeschlossen, sofern seitens des Autors kein nachweislich vors\u00e4tzliches oder grob fahrl\u00e4ssiges Verschulden vorliegt.<br\/><br\/>Alle Angebote sind freibleibend und unverbindlich. Der Autor beh\u00e4lt es sich ausdr\u00fccklich vor, Teile der Seiten oder das gesamte Angebot ohne gesonderte Ank\u00fcndigung zu ver\u00e4ndern, zu erg\u00e4nzen, zu l\u00f6schen oder die Ver\u00f6ffentlichung zeitweise oder endg\u00fcltig einzustellen.<\/li>\n\n\n\n<li>Verweise und Links<br\/>Bei direkten oder indirekten Verweisen auf fremde Internetseiten (\u201eLinks\u201c), die au\u00dferhalb des Verantwortungsbereiches des Autors liegen, w\u00fcrde eine Haftungsverpflichtung ausschlie\u00dflich in dem Fall in Kraft treten, in dem der Autor von den Inhalten Kenntnis hat und es ihm technisch m\u00f6glich und zumutbar w\u00e4re, die Nutzung im Falle rechtswidriger Inhalte zu verhindern. F\u00fcr die Inhalte der verlinkten Seiten ist stets der jeweilige Anbieter oder Betreiber der Seiten verantwortlich, nicht derjenige, der \u00fcber Links auf die jeweilige Ver\u00f6ffentlichung lediglich verweist. Dar\u00fcber hinaus haftet der Autor nicht f\u00fcr Beitr\u00e4ge oder Nachrichten, die von Benutzern in Diskussionsforen, G\u00e4steb\u00fcchern oder Mailinglisten auf seiner Seite ver\u00f6ffentlicht werden.<\/li>\n\n\n\n<li>Copyright<br\/>Der Autor ist bestrebt, kein urheberrechtlich gesch\u00fctztes Material f\u00fcr die Ver\u00f6ffentlichung zu verwenden oder, falls dies nicht m\u00f6glich ist, das Copyright des jeweiligen Objekts anzugeben.<br\/><br\/>Alle innerhalb des Internetangebotes genannten und ggf. durch Dritte gesch\u00fctzten Marken- und Warenzeichen unterliegen uneingeschr\u00e4nkt den Bestimmungen des jeweils g\u00fcltigen Kennzeichenrechts und den Besitzrechten der jeweiligen eingetragenen Eigent\u00fcmer. Allein aufgrund der blo\u00dfen Nennung ist nicht der Schluss zu ziehen, dass Markenzeichen nicht durch Rechte Dritter gesch\u00fctzt sind!<\/li>\n\n\n\n<li>Datenschutz<br\/>Sofern innerhalb des Internetangebotes die M\u00f6glichkeit zur Eingabe pers\u00f6nlicher oder gesch\u00e4ftlicher Daten (Emailadressen, Namen, Anschriften) besteht, so erfolgt die Preisgabe dieser Daten seitens des Nutzers auf ausdr\u00fccklich freiwilliger Basis. Die Inanspruchnahme und Bezahlung aller angebotenen Dienste ist &#8211; soweit technisch m\u00f6glich und zumutbar &#8211; auch ohne Angabe solcher Daten bzw. unter Angabe anonymisierter Daten oder eines Pseudonyms gestattet. Die Nutzung der ver\u00f6ffentlichten Postanschriften, Telefon- oder Faxnummern und E-Mail-Adressen zu Marketingzwecken ist verboten. Wer unerw\u00fcnschte Spam-Nachrichten versendet, wird bestraft.<\/li>\n\n\n\n<li>Rechtswirksamkeit dieses Haftungsausschlusses<br\/>Dieser Haftungsausschluss ist als Teil des Internetangebotes zu betrachten, von dem aus auf diese Seite verwiesen wurde. Sofern Teile oder einzelne Formulierungen dieses Textes der geltenden Rechtslage nicht, nicht mehr oder nicht vollst\u00e4ndig entsprechen sollten, bleiben die \u00fcbrigen Teile des Dokumentes in ihrem Inhalt und ihrer G\u00fcltigkeit davon unber\u00fchrt.<\/li>\n\n\n\n<li>Informationen zur Online-Streitbeilegung<br\/>Seit dem 15. Februar 2016 bietet die EU-Kommission eine Plattform zur au\u00dfergerichtlichen Streitbeilegung an. Dies gibt Verbrauchern die M\u00f6glichkeit, Streitigkeiten im Zusammenhang mit ihren Online-Bestellungen zun\u00e4chst ohne Einschaltung eines Gerichts zu l\u00f6sen. Die Streitbeilegungsplattform kann unter dem externen Link <a href=\"http:\/\/ec.europa.eu\/consumers\/odr\/\">http:\/\/ec.europa.eu\/consumers\/odr\/ <\/a> aufgerufen werden. Unsere E-Mail f\u00fcr Verbraucherbeschwerden lautet: <a href=\"mailto:info@natura.jewelry\">info@natura.jewelry.<\/a> Wir bem\u00fchen uns nach Kr\u00e4ften, etwaige Meinungsverschiedenheiten, die sich aus unserem Vertrag ergeben, einvernehmlich zu l\u00f6sen. Abgesehen davon sind wir nicht verpflichtet, an einem Streitbeilegungsverfahren teilzunehmen, und wir k\u00f6nnen Ihnen leider auch keine Teilnahme an einem solchen Verfahren anbieten.<\/li>\n<\/ol>\n\n<p><\/p>\n","protected":false},"excerpt":{"rendered":"<p>Natura JewelryA brand of NaturaLuxe UG (haftungsbeschr\u00e4nkt)Director: Christina SinCosimastrasse 121 81925 M\u00fcnchen GermanyE-Mail: info@natura.jewlery Registration: Amtsgericht Munich HRB 301909 VAT-ID:<\/p>\n","protected":false},"author":3,"featured_media":0,"parent":0,"menu_order":0,"comment_status":"closed","ping_status":"closed","template":"","meta":{"_acf_changed":false,"_price":"","_stock":"","_tribe_ticket_header":"","_tribe_default_ticket_provider":"","_tribe_ticket_capacity":"0","_ticket_start_date":"","_ticket_end_date":"","_tribe_ticket_show_description":"","_tribe_ticket_show_not_going":false,"_tribe_ticket_use_global_stock":"","_tribe_ticket_global_stock_level":"","_global_stock_mode":"","_global_stock_cap":"","_tribe_rsvp_for_event":"","_tribe_ticket_going_count":"","_tribe_ticket_not_going_count":"","_tribe_tickets_list":"[]","_tribe_ticket_has_attendee_info_fields":false,"footnotes":"","_tec_slr_enabled":"","_tec_slr_layout":""},"class_list":["post-27331","page","type-page","status-publish","hentry"],"acf":[],"ticketed":false,"_links":{"self":[{"href":"https:\/\/natura.jewelry\/de\/wp-json\/wp\/v2\/pages\/27331","targetHints":{"allow":["GET"]}}],"collection":[{"href":"https:\/\/natura.jewelry\/de\/wp-json\/wp\/v2\/pages"}],"about":[{"href":"https:\/\/natura.jewelry\/de\/wp-json\/wp\/v2\/types\/page"}],"author":[{"embeddable":true,"href":"https:\/\/natura.jewelry\/de\/wp-json\/wp\/v2\/users\/3"}],"replies":[{"embeddable":true,"href":"https:\/\/natura.jewelry\/de\/wp-json\/wp\/v2\/comments?post=27331"}],"version-history":[{"count":7,"href":"https:\/\/natura.jewelry\/de\/wp-json\/wp\/v2\/pages\/27331\/revisions"}],"predecessor-version":[{"id":31145,"href":"https:\/\/natura.jewelry\/de\/wp-json\/wp\/v2\/pages\/27331\/revisions\/31145"}],"wp:attachment":[{"href":"https:\/\/natura.jewelry\/de\/wp-json\/wp\/v2\/media?parent=27331"}],"curies":[{"name":"wp","href":"https:\/\/api.w.org\/{rel}","templated":true}]}}