{"id":27343,"date":"2024-06-01T20:03:39","date_gmt":"2024-06-01T18:03:39","guid":{"rendered":"http:\/\/18.195.159.108\/allgemeine-geschaeftsbedingungen\/"},"modified":"2025-07-24T11:39:05","modified_gmt":"2025-07-24T09:39:05","slug":"allgemeine-geschaeftsbedingungen","status":"publish","type":"page","link":"https:\/\/natura.jewelry\/de\/allgemeine-geschaeftsbedingungen\/","title":{"rendered":"Allgemeine Gesch\u00e4ftsbedingungen"},"content":{"rendered":"\n<h2 class=\"wp-block-heading\">Geltungsbereich, Allgemeines<\/h2>\n\n<ol class=\"wp-block-list\">\n<li>Der Online-Shop von Natura Jewelry, der von der NaturaLuxe UG (haftungsbeschr\u00e4nkt) betrieben wird, richtet sich ausschlie\u00dflich an Verbraucher. Verbraucher ist gem\u00e4\u00df \u00a7 13 BGB jede nat\u00fcrliche Person, die ein Rechtsgesch\u00e4ft zu Zwecken abschlie\u00dft, die \u00fcberwiegend weder ihrer gewerblichen noch ihrer selbst\u00e4ndigen beruflichen T\u00e4tigkeit zugerechnet werden k\u00f6nnen. Die nachstehenden Gesch\u00e4ftsbedingungen gelten f\u00fcr alle Kaufvertr\u00e4ge, die Sie als Verbraucher mit uns, der NaturaLuxe UG (haftungsbeschr\u00e4nke), Cosimastra\u00dfe 121, D-81925 M\u00fcnchen, \u00fcber den Natura-Schmuck-Onlineshop schlie\u00dfen.<\/li>\n\n\n\n<li>Die vorliegenden Allgemeinen Gesch\u00e4ftsbedingungen gelten f\u00fcr alle Kaufvertr\u00e4ge, die \u00fcber den Natura-Schmuck-Online-Shop zwischen uns, der NaturaLuxe UG (haftungsbeschr\u00e4nkt), Cosimastra\u00dfe 121, D-81925 M\u00fcnchen, und Ihnen als Verbraucher geschlossen werden.<\/li>\n\n\n\n<li>Ma\u00dfgeblich ist jeweils die zum Zeitpunkt des Vertragsschlusses auf den Webseiten verf\u00fcgbare und damit g\u00fcltige Fassung der Allgemeinen Gesch\u00e4ftsbedingungen.<\/li>\n<\/ol>\n\n<h2 class=\"wp-block-heading\">Vertragsabschluss; Vorbehalte<\/h2>\n\n<ol class=\"wp-block-list\">\n<li>Mit dem Abschluss des Bestellvorgangs mittels der Aktivierung des Buttons \u201eJetzt kaufen\u201c erkl\u00e4ren Sie verbindlich Ihr Angebot zum Kauf der von Ihnen ausgew\u00e4hlten Waren (Bestellung); wir best\u00e4tigen unverz\u00fcglich den Zugang der Bestellung per E-Mail an die von Ihnen angegebene E-Mail-Anschrift. Die Zugangsbest\u00e4tigung stellt noch keine verbindliche Annahme der Bestellung dar; sie kann jedoch mit einer ausdr\u00fccklichen Annahmeerkl\u00e4rung verbunden werden.<\/li>\n\n\n\n<li>Wir sind berechtigt, das in der Bestellung liegende Vertragsangebot innerhalb von drei Werktagen nach Zugang anzunehmen. Die Annahme der Bestellung durch uns erfolgt durch eine Best\u00e4tigung per E-Mail oder durch Versendung der bestellten Ware. Erst mit dieser Annahme kommt der Kaufvertrag zustande. Wir sind berechtigt, die Annahme der Bestellung, etwa nach Pr\u00fcfung Ihrer Bonit\u00e4t, abzulehnen. In diesem Fall werden wir Ihnen die Ablehnung schriftlich oder per E-Mail mitteilen.<\/li>\n\n\n\n<li>Wir behalten uns vor, Ware nur in haushalts\u00fcblichen Menge zu verkaufen.<\/li>\n\n\n\n<li>Wir verkaufen nur, solange der Vorrat reicht.<\/li>\n\n\n\n<li>Nach Abschluss der Eingabe und vor dem verbindlichen Versand der Bestellung mittels Aktivierung des Buttons \u201eJetzt kaufen\u201c werden Ihnen s\u00e4mtliche Bestelldaten gesammelt angezeigt; Sie haben hier die M\u00f6glichkeit, Eingabefehler zu korrigieren.<\/li>\n\n\n\n<li>Der Vertragstext wird von uns gespeichert und nebst diesen Allgemeinen Gesch\u00e4ftsbedingungen nach Zugang Ihrer Bestellung an Sie per E-Mail \u00fcbermittelt.<\/li>\n<\/ol>\n\n<h2 class=\"wp-block-heading\">Preise, Kosten und Zahlungsbedingungen<\/h2>\n\n<ol class=\"wp-block-list\">\n<li>Der zum Zeitpunkt der Bestellung im Natura Jewelry Onlineshop angegebene Preis ist bindend. Im Preis ist jeweils die gesetzlich g\u00fcltige Umsatzsteuer, soweit diese anf\u00e4llt, enthalten. Bei Lieferung in Staaten au\u00dferhalb der Europ\u00e4ischen Union wird keine Umsatzsteuer erhoben. Die in diesem Fall anfallenden Zoll- und Einfuhrsteuerabgaben tragen wir.<\/li>\n\n\n\n<li>Ein im Rahmen von Sonderangeboten angebotener Preis gilt jeweils ausschlie\u00dflich befristet auf die Sonderaktion. Sonderaktionen werden jeweils als solche kenntlich gemacht.<\/li>\n\n\n\n<li>Alle Preise enthalten die gesetzliche Mehrwertsteuer. Bitte beachten Sie eventuell anfallende Versandkosten. Informationen \u00fcber die H\u00f6he der Versandkosten erhalten Sie w\u00e4hrend des Bestellprozesses und im Servicebereich.<\/li>\n\n\n\n<li>Generell stehen Ihnen alle w\u00e4hrend des Bestellvorgangs angezeigten Zahlungsarten zur Verf\u00fcgung. F\u00fcr die Nutzung der unterschiedlichen Zahlarten entstehen Ihnen keine Zusatzkosten. Bitte beachten Sie eventuell anfallende Bankgeb\u00fchren f\u00fcr \u00dcberweisungen aus dem Ausland. Die H\u00f6he richtet sich nach Ihrem jeweiligen Kreditinstitut.<\/li>\n\n\n\n<li>Der Rechnungsversand erfolgt unmittelbar nach Bestellung an die angegebene E-Mail-Adresse.<\/li>\n\n\n\n<li>PayPal, Kreditkarten und TWINT (nur in der Schweiz) werden im Natura Jewerly Online-Shop akzeptiert. Sie werden w\u00e4hrend des Bestellprozesses auf die Webseite des Online-Anbieters PayPal weitergeleitet. Hierzu m\u00fcssen Sie bei PayPal registriert und mit Ihren Zugangsdaten eingeloggt sein. Sie haben die M\u00f6glichkeit, \u00fcber PayPal mit Visa und Mastercard zu bezahlen, falls solche M\u00f6glichkeit durch PayPal Ihnen zur Verf\u00fcgung sind.<\/li>\n\n\n\n<li>Bitte beachten Sie, dass wir uns nach dem Ergebnis einer Bonit\u00e4tspr\u00fcfung den Ausschluss bestimmter Zahlungsarten vorbehalten.<\/li>\n\n\n\n<li>Das Recht, mit Gegenanspr\u00fcchen aufzurechnen, steht Ihnen nur insoweit zu, als Ihre Gegenanspr\u00fcche unbestritten oder rechtskr\u00e4ftig festgestellt sind. Ein Zur\u00fcckbehaltungsrecht k\u00f6nnen Sie nur aufgrund von Gegenanspr\u00fcchen geltend machen, die auf demselben Vertragsverh\u00e4ltnis beruhen.<\/li>\n<\/ol>\n\n<h2 class=\"wp-block-heading\">Lieferung, Lieferfrist und Versandkosten<\/h2>\n\n<ol class=\"wp-block-list\">\n<li>Wir liefern innerhalb der EU, Norwegen und in die Schweiz. Zur Auftragsabwicklung m\u00fcssen Rechnungs- und Lieferadresse innerhalb desselben Landes liegen.<\/li>\n\n\n\n<li>Die verbindliche Frist, innerhalb der wir Ihnen die Ware im Fall der Annahme Ihrer Bestellung durch uns liefern (Lieferfrist), wird Ihnen im Verlauf des Bestellvorgangs angezeigt. Die Lieferfrist beginnt am folgenden Werktag nach Eingang Ihrer Bestellung.<\/li>\n\n\n\n<li>Kann die Ware aus Gr\u00fcnden, die Sie zu vertreten haben, nicht zugestellt werden, fallen bei einer erneuten Zustellung zus\u00e4tzliche Versandkosten an. Die Hin- und R\u00fccksendekosten haben in diesem Fall Sie zu tragen. Im Falle eines Widerrufes gilt vorrangig Ziffer 7.<\/li>\n<\/ol>\n\n<h2 class=\"wp-block-heading\">Eigentumsvorbehalt; Bonusprodukte<\/h2>\n\n<ol class=\"wp-block-list\">\n<li>Die gelieferte Ware bleibt bis zur vollst\u00e4ndigen Bezahlung des Kaufpreises unser Eigentum.<\/li>\n\n\n\n<li>Bis zum Eigentums\u00fcbergang haben Sie die Ware pfleglich zu behandeln.<\/li>\n\n\n\n<li>Sie d\u00fcrfen die gelieferte Ware vor dem Eigentums\u00fcbergang weder verpf\u00e4nden noch als Sicherung \u00fcbereignen. Bei Pf\u00e4ndungen sowie Beschlagnahme oder sonstigen Verf\u00fcgungen durch Dritte haben Sie uns dar\u00fcber unverz\u00fcglich schriftlich zu benachrichtigen.<\/li>\n\n\n\n<li>Wir behalten uns das Recht vor, ohne Rechtspflicht gew\u00e4hrte Bonusprodukte zur\u00fcckzufordern, sollten die Voraussetzungen zur Gew\u00e4hrung des Bonusproduktes nicht oder nicht mehr erf\u00fcllt sein.<\/li>\n\n\n\n<li>Voraussetzung f\u00fcr die Gew\u00e4hrung eines Bonusproduktes ist, dass der Kaufvertrag in H\u00f6he des Mindestbestellwertes Bestand hat. Geben Sie die Ware ganz oder teilweise an uns zur\u00fcck, z. B. in Aus\u00fcbung Ihres Widerrufrechts, und unterschreiten Sie dadurch den Mindestbestellwert, so wird Ihnen f\u00fcr diesen Einkauf, auch r\u00fcckwirkend, kein Bonusprodukt mehr gew\u00e4hrt. Bitte senden Sie in solch einem Fall das Bonusprodukt gemeinsam mit der R\u00fccksendung der Ware an uns zur\u00fcck. Sollten Sie das Bonusprodukt stattdessen kaufen wollen, so setzen Sie sich bitte direkt mit unserem Customer Service in Verbindung.<\/li>\n<\/ol>\n\n<h2 class=\"wp-block-heading\">M\u00e4ngelhaftung<\/h2>\n\n<p>Einige Produkte enthalten Silberteile und\/oder vergoldete Teile, die mit einer feinen Schicht aus Edelmetall \u00fcberzogen sind. Bitte beachten Sie, dass es im Laufe der Zeit zu Farbver\u00e4nderungen kommen kann, insbesondere durch den Kontakt mit Wasser, Schwei\u00df, Parf\u00fcm oder Reinigungsmitteln. Dies sind materialbedingte Effekte und stellen keinen Mangel im Sinne der in der Empfangsregion geltenden Gesetze und Vorschriften dar.  <\/p>\n\n<p>Im \u00dcbrigen gelten die geltenden gesetzlichen Bestimmungen zur M\u00e4ngelhaftung.<\/p>\n\n<h2 class=\"wp-block-heading\">Widerrufsrecht<\/h2>\n\n<p>Alle Produkte, die im Online-Shop von Natura Jewelry verkauft werden, sind Sonderanfertigungen, die entsprechend Ihrer Bestellung personalisiert und nach Eingang Ihrer Bestellung hergestellt werden. Bedauerlicherweise k\u00f6nnen wir keine R\u00fcckgabe- oder Umtauschantr\u00e4ge akzeptieren. Sollten Sie bei Erhalt des Pakets feststellen, dass das Produkt besch\u00e4digt ist, kontaktieren Sie uns bitte unter <a href=\"mailto:info@natura.jewelry\">info@natura.jewelry<\/a><\/p>\n\n<h2 class=\"wp-block-heading\">Geltendes Recht<\/h2>\n\n<p>Es gilt das Recht der Bundesrepublik Deutschland, mit Ausnahme des UN-Kaufrechts, dessen Anwendbarkeit hiermit ausdr\u00fccklich ausgeschlossen wird. Diese Rechtswahl gilt nur insoweit, als der gew\u00e4hrte Schutz nicht durch zwingende Bestimmungen des Rechts des Staates, in dem der Verbraucher seinen gew\u00f6hnlichen Aufenthalt hat, entzogen wird.<\/p>\n\n<h2 class=\"wp-block-heading\">Informationen zur Online-Streitbeilegung<\/h2>\n\n<p>Zur Teilnahme an einem Streitbeilegungsverfahren vor einer Verbraucherschlichtungsstelle sind wir nicht verpflichtet und grunds\u00e4tzlich nicht bereit. Unsere E-Mail f\u00fcr Verbraucherbeschwerden lautet: <a href=\"mailto:info@natura.jewelry\">info@natura.jewelry<\/a><\/p>\n\n<p><strong>Stand: 01.06.2024<\/strong><\/p>\n","protected":false},"excerpt":{"rendered":"<p>Geltungsbereich, Allgemeines Vertragsabschluss; Vorbehalte Preise, Kosten und Zahlungsbedingungen Lieferung, Lieferfrist und Versandkosten Eigentumsvorbehalt; Bonusprodukte M\u00e4ngelhaftung Einige Produkte enthalten Silberteile und\/oder<\/p>\n","protected":false},"author":3,"featured_media":0,"parent":0,"menu_order":0,"comment_status":"closed","ping_status":"closed","template":"","meta":{"_acf_changed":false,"_price":"","_stock":"","_tribe_ticket_header":"","_tribe_default_ticket_provider":"","_tribe_ticket_capacity":"0","_ticket_start_date":"","_ticket_end_date":"","_tribe_ticket_show_description":"","_tribe_ticket_show_not_going":false,"_tribe_ticket_use_global_stock":"","_tribe_ticket_global_stock_level":"","_global_stock_mode":"","_global_stock_cap":"","_tribe_rsvp_for_event":"","_tribe_ticket_going_count":"","_tribe_ticket_not_going_count":"","_tribe_tickets_list":"[]","_tribe_ticket_has_attendee_info_fields":false,"footnotes":"","_tec_slr_enabled":"","_tec_slr_layout":""},"class_list":["post-27343","page","type-page","status-publish","hentry"],"acf":[],"ticketed":false,"_links":{"self":[{"href":"https:\/\/natura.jewelry\/de\/wp-json\/wp\/v2\/pages\/27343","targetHints":{"allow":["GET"]}}],"collection":[{"href":"https:\/\/natura.jewelry\/de\/wp-json\/wp\/v2\/pages"}],"about":[{"href":"https:\/\/natura.jewelry\/de\/wp-json\/wp\/v2\/types\/page"}],"author":[{"embeddable":true,"href":"https:\/\/natura.jewelry\/de\/wp-json\/wp\/v2\/users\/3"}],"replies":[{"embeddable":true,"href":"https:\/\/natura.jewelry\/de\/wp-json\/wp\/v2\/comments?post=27343"}],"version-history":[{"count":5,"href":"https:\/\/natura.jewelry\/de\/wp-json\/wp\/v2\/pages\/27343\/revisions"}],"predecessor-version":[{"id":31596,"href":"https:\/\/natura.jewelry\/de\/wp-json\/wp\/v2\/pages\/27343\/revisions\/31596"}],"wp:attachment":[{"href":"https:\/\/natura.jewelry\/de\/wp-json\/wp\/v2\/media?parent=27343"}],"curies":[{"name":"wp","href":"https:\/\/api.w.org\/{rel}","templated":true}]}}