{"id":27356,"date":"2024-05-12T12:55:23","date_gmt":"2024-05-12T10:55:23","guid":{"rendered":"http:\/\/18.195.159.108\/einkaufswagen\/"},"modified":"2025-07-19T22:37:10","modified_gmt":"2025-07-19T20:37:10","slug":"einkaufswagen","status":"publish","type":"page","link":"https:\/\/natura.jewelry\/de\/einkaufswagen\/","title":{"rendered":"Einkaufswagen"},"content":{"rendered":"\n<div data-block-name=\"woocommerce\/cart\" class=\"wp-block-woocommerce-cart alignwide is-loading\">\n<div data-block-name=\"woocommerce\/filled-cart-block\" class=\"wp-block-woocommerce-filled-cart-block\">\n<div data-block-name=\"woocommerce\/cart-items-block\" class=\"wp-block-woocommerce-cart-items-block\">\n<div data-block-name=\"woocommerce\/cart-line-items-block\" class=\"wp-block-woocommerce-cart-line-items-block\"><\/div>\n\n\n\n<div data-block-name=\"woocommerce\/cart-cross-sells-block\" class=\"wp-block-woocommerce-cart-cross-sells-block\">\n<h2 class=\"wp-block-heading has-large-font-size\">You may be interested in\u2026<\/h2>\n\n\n\n<div data-block-name=\"woocommerce\/cart-cross-sells-products-block\" class=\"wp-block-woocommerce-cart-cross-sells-products-block\"><\/div>\n<\/div>\n<\/div>\n\n\n\n<div data-block-name=\"woocommerce\/cart-totals-block\" class=\"wp-block-woocommerce-cart-totals-block\">\n<div data-block-name=\"woocommerce\/cart-order-summary-block\" class=\"wp-block-woocommerce-cart-order-summary-block\">\n<div data-block-name=\"woocommerce\/cart-order-summary-heading-block\" class=\"wp-block-woocommerce-cart-order-summary-heading-block\"><\/div>\n\n\n\n<div data-block-name=\"woocommerce\/cart-order-summary-coupon-form-block\" class=\"wp-block-woocommerce-cart-order-summary-coupon-form-block\"><\/div>\n\n\n\n<div data-block-name=\"woocommerce\/cart-order-summary-totals-block\" class=\"wp-block-woocommerce-cart-order-summary-totals-block\">\n<div data-block-name=\"woocommerce\/cart-order-summary-subtotal-block\" class=\"wp-block-woocommerce-cart-order-summary-subtotal-block\"><\/div>\n\n\n\n<div data-block-name=\"woocommerce\/cart-order-summary-fee-block\" class=\"wp-block-woocommerce-cart-order-summary-fee-block\"><\/div>\n\n\n\n<div data-block-name=\"woocommerce\/cart-order-summary-discount-block\" class=\"wp-block-woocommerce-cart-order-summary-discount-block\"><\/div>\n\n\n\n<div data-block-name=\"woocommerce\/cart-order-summary-shipping-block\" class=\"wp-block-woocommerce-cart-order-summary-shipping-block\"><\/div>\n\n\n\n<div data-block-name=\"woocommerce\/cart-order-summary-taxes-block\" class=\"wp-block-woocommerce-cart-order-summary-taxes-block\"><\/div>\n<\/div>\n<\/div>\n\n\n\n<div data-block-name=\"woocommerce\/cart-express-payment-block\" class=\"wp-block-woocommerce-cart-express-payment-block\"><\/div>\n\n\n\n<div data-block-name=\"woocommerce\/proceed-to-checkout-block\" class=\"wp-block-woocommerce-proceed-to-checkout-block\"><\/div>\n\n\n\n<div data-block-name=\"woocommerce\/cart-accepted-payment-methods-block\" class=\"wp-block-woocommerce-cart-accepted-payment-methods-block\"><\/div>\n\n\n<\/div>\n<\/div>\n\n\n\n<div data-block-name=\"woocommerce\/empty-cart-block\" class=\"wp-block-woocommerce-empty-cart-block\">\n<h2 class=\"wp-block-heading has-text-align-center with-empty-cart-icon wc-block-cart__empty-cart__title\">Your cart is currently empty!<\/h2>\n\n\n\n<hr class=\"wp-block-separator has-alpha-channel-opacity is-style-dots\"\/>\n\n\n\n<h2 class=\"wp-block-heading has-text-align-center\">New in store<\/h2>\n\n\n<div data-block-name=\"woocommerce\/product-new\" data-columns=\"4\" data-rows=\"1\" class=\"wc-block-grid wp-block-product-new wp-block-woocommerce-product-new wc-block-product-new has-4-columns\"><ul class=\"wc-block-grid__products\"><li class=\"wc-block-grid__product\">\n\t\t\t\t<a href=\"https:\/\/natura.jewelry\/de\/product\/opernlange-handgeknuepfte-suesswasserperlenkette-80-cm-weiss-7-9-mm-perlen\/\" class=\"wc-block-grid__product-link\">\n\t\t\t\t\t\n\t\t\t\t\t<div class=\"wc-block-grid__product-image\"><img decoding=\"async\" width=\"430\" height=\"323\" src=\"https:\/\/natura.jewelry\/wp-content\/uploads\/2025\/07\/IMG_1438-430x323.jpeg\" class=\"attachment-woocommerce_thumbnail size-woocommerce_thumbnail\" alt=\"Opernlange handgekn\u00fcpfte S\u00fc\u00dfwasserperlenkette \u2013 75 cm, wei\u00df, 7\u20139 mm Perlen\" srcset=\"https:\/\/natura.jewelry\/wp-content\/uploads\/2025\/07\/IMG_1438-430x323.jpeg 430w, https:\/\/natura.jewelry\/wp-content\/uploads\/2025\/07\/IMG_1438-400x300.jpeg 400w, https:\/\/natura.jewelry\/wp-content\/uploads\/2025\/07\/IMG_1438-1067x800.jpeg 1067w, https:\/\/natura.jewelry\/wp-content\/uploads\/2025\/07\/IMG_1438-768x576.jpeg 768w, https:\/\/natura.jewelry\/wp-content\/uploads\/2025\/07\/IMG_1438-1536x1152.jpeg 1536w, https:\/\/natura.jewelry\/wp-content\/uploads\/2025\/07\/IMG_1438-700x525.jpeg 700w, https:\/\/natura.jewelry\/wp-content\/uploads\/2025\/07\/IMG_1438-150x113.jpeg 150w, https:\/\/natura.jewelry\/wp-content\/uploads\/2025\/07\/IMG_1438.jpeg 1920w\" sizes=\"(max-width: 430px) 100vw, 430px\" \/><\/div>\n\t\t\t\t\t<div class=\"wc-block-grid__product-title\">Opernlange handgekn\u00fcpfte S\u00fc\u00dfwasserperlenkette \u2013 75 cm, wei\u00df, 7\u20139 mm Perlen<\/div>\n\t\t\t\t<\/a>\n\t\t\t\t<div class=\"wc-block-grid__product-price price\"><span class=\"woocommerce-Price-amount amount\">99&nbsp;<span class=\"woocommerce-Price-currencySymbol\">&euro;<\/span><\/span><\/div>\n\t\t\t\t\n\t\t\t\t<div class=\"wp-block-button wc-block-grid__product-add-to-cart\"><a href=\"\/de\/wp-json\/wp\/v2\/pages\/27356?add-to-cart=31820\" aria-label=\"In den Warenkorb legen: \u201eOpernlange handgekn\u00fcpfte S\u00fc\u00dfwasserperlenkette \u2013 75 cm, wei\u00df, 7\u20139 mm Perlen\u201c\" data-quantity=\"1\" data-product_id=\"31820\" data-product_sku=\"\" data-price=\"99\" rel=\"nofollow\" class=\"wp-block-button__link  add_to_cart_button ajax_add_to_cart\">In den Warenkorb<\/a><\/div>\n\t\t\t<\/li><li class=\"wc-block-grid__product\">\n\t\t\t\t<a href=\"https:\/\/natura.jewelry\/de\/product\/diy-necklace-bracelet-set-workshop-with-natural-gemstones-freshwater-pearls-elastic-multicolor\/\" class=\"wc-block-grid__product-link\">\n\t\t\t\t\t\n\t\t\t\t\t<div class=\"wc-block-grid__product-image\"><img decoding=\"async\" width=\"430\" height=\"323\" src=\"https:\/\/natura.jewelry\/wp-content\/uploads\/2025\/07\/WhatsApp-Image-2025-07-21-at-14.23.38-430x323.jpeg\" class=\"attachment-woocommerce_thumbnail size-woocommerce_thumbnail\" alt=\"DIY Necklace &amp; Bracelet Set Workshop with Natural Gemstones &amp; Freshwater Pearls \u2013  Elastic, Multicolor\" srcset=\"https:\/\/natura.jewelry\/wp-content\/uploads\/2025\/07\/WhatsApp-Image-2025-07-21-at-14.23.38-430x323.jpeg 430w, https:\/\/natura.jewelry\/wp-content\/uploads\/2025\/07\/WhatsApp-Image-2025-07-21-at-14.23.38-400x300.jpeg 400w, https:\/\/natura.jewelry\/wp-content\/uploads\/2025\/07\/WhatsApp-Image-2025-07-21-at-14.23.38-1067x800.jpeg 1067w, https:\/\/natura.jewelry\/wp-content\/uploads\/2025\/07\/WhatsApp-Image-2025-07-21-at-14.23.38-768x576.jpeg 768w, https:\/\/natura.jewelry\/wp-content\/uploads\/2025\/07\/WhatsApp-Image-2025-07-21-at-14.23.38-1536x1152.jpeg 1536w, https:\/\/natura.jewelry\/wp-content\/uploads\/2025\/07\/WhatsApp-Image-2025-07-21-at-14.23.38-700x525.jpeg 700w, https:\/\/natura.jewelry\/wp-content\/uploads\/2025\/07\/WhatsApp-Image-2025-07-21-at-14.23.38-150x113.jpeg 150w, https:\/\/natura.jewelry\/wp-content\/uploads\/2025\/07\/WhatsApp-Image-2025-07-21-at-14.23.38.jpeg 1920w\" sizes=\"(max-width: 430px) 100vw, 430px\" \/><\/div>\n\t\t\t\t\t<div class=\"wc-block-grid__product-title\">DIY Necklace &amp; Bracelet Set Workshop with Natural Gemstones &amp; Freshwater Pearls \u2013  Elastic, Multicolor<\/div>\n\t\t\t\t<\/a>\n\t\t\t\t<div class=\"wc-block-grid__product-price price\"><span class=\"woocommerce-Price-amount amount\">89&nbsp;<span class=\"woocommerce-Price-currencySymbol\">&euro;<\/span><\/span><\/div>\n\t\t\t\t\n\t\t\t\t<div class=\"wp-block-button wc-block-grid__product-add-to-cart\"><a href=\"\/de\/wp-json\/wp\/v2\/pages\/27356?add-to-cart=32487\" aria-label=\"In den Warenkorb legen: \u201eDIY Necklace &amp; Bracelet Set Workshop with Natural Gemstones &amp; Freshwater Pearls \u2013  Elastic, Multicolor\u201c\" data-quantity=\"1\" data-product_id=\"32487\" data-product_sku=\"\" data-price=\"89\" rel=\"nofollow\" class=\"wp-block-button__link  add_to_cart_button ajax_add_to_cart\">In den Warenkorb<\/a><\/div>\n\t\t\t<\/li><li class=\"wc-block-grid__product\">\n\t\t\t\t<a href=\"https:\/\/natura.jewelry\/de\/product\/diy-necklace-workshop-with-natural-gemstones-freshwater-pearls-elastic-multicolor\/\" class=\"wc-block-grid__product-link\">\n\t\t\t\t\t\n\t\t\t\t\t<div class=\"wc-block-grid__product-image\"><img decoding=\"async\" width=\"430\" height=\"323\" src=\"https:\/\/natura.jewelry\/wp-content\/uploads\/2025\/07\/WhatsApp-Image-2025-07-21-at-14.23.27-430x323.jpeg\" class=\"attachment-woocommerce_thumbnail size-woocommerce_thumbnail\" alt=\"DIY Necklace Workshop with Natural Gemstones &amp; Freshwater Pearls \u2013 Elastic, Multicolor\" srcset=\"https:\/\/natura.jewelry\/wp-content\/uploads\/2025\/07\/WhatsApp-Image-2025-07-21-at-14.23.27-430x323.jpeg 430w, https:\/\/natura.jewelry\/wp-content\/uploads\/2025\/07\/WhatsApp-Image-2025-07-21-at-14.23.27-400x300.jpeg 400w, https:\/\/natura.jewelry\/wp-content\/uploads\/2025\/07\/WhatsApp-Image-2025-07-21-at-14.23.27-1066x800.jpeg 1066w, https:\/\/natura.jewelry\/wp-content\/uploads\/2025\/07\/WhatsApp-Image-2025-07-21-at-14.23.27-768x576.jpeg 768w, https:\/\/natura.jewelry\/wp-content\/uploads\/2025\/07\/WhatsApp-Image-2025-07-21-at-14.23.27-1536x1153.jpeg 1536w, https:\/\/natura.jewelry\/wp-content\/uploads\/2025\/07\/WhatsApp-Image-2025-07-21-at-14.23.27-700x525.jpeg 700w, https:\/\/natura.jewelry\/wp-content\/uploads\/2025\/07\/WhatsApp-Image-2025-07-21-at-14.23.27-150x113.jpeg 150w, https:\/\/natura.jewelry\/wp-content\/uploads\/2025\/07\/WhatsApp-Image-2025-07-21-at-14.23.27.jpeg 1600w\" sizes=\"(max-width: 430px) 100vw, 430px\" \/><\/div>\n\t\t\t\t\t<div class=\"wc-block-grid__product-title\">DIY Necklace Workshop with Natural Gemstones &amp; Freshwater Pearls \u2013 Elastic, Multicolor<\/div>\n\t\t\t\t<\/a>\n\t\t\t\t<div class=\"wc-block-grid__product-price price\"><span class=\"woocommerce-Price-amount amount\">79&nbsp;<span class=\"woocommerce-Price-currencySymbol\">&euro;<\/span><\/span><\/div>\n\t\t\t\t\n\t\t\t\t<div class=\"wp-block-button wc-block-grid__product-add-to-cart\"><a href=\"\/de\/wp-json\/wp\/v2\/pages\/27356?add-to-cart=32488\" aria-label=\"In den Warenkorb legen: \u201eDIY Necklace Workshop with Natural Gemstones &amp; Freshwater Pearls \u2013 Elastic, Multicolor\u201c\" data-quantity=\"1\" data-product_id=\"32488\" data-product_sku=\"\" data-price=\"79\" rel=\"nofollow\" class=\"wp-block-button__link  add_to_cart_button ajax_add_to_cart\">In den Warenkorb<\/a><\/div>\n\t\t\t<\/li><li class=\"wc-block-grid__product\">\n\t\t\t\t<a href=\"https:\/\/natura.jewelry\/de\/product\/diy-bracelet-workshop-with-natural-gemstones-freshwater-pearls-elastic-multicolor\/\" class=\"wc-block-grid__product-link\">\n\t\t\t\t\t\n\t\t\t\t\t<div class=\"wc-block-grid__product-image\"><img decoding=\"async\" width=\"430\" height=\"323\" src=\"https:\/\/natura.jewelry\/wp-content\/uploads\/2025\/07\/IMG_5638b-430x323.jpg\" class=\"attachment-woocommerce_thumbnail size-woocommerce_thumbnail\" alt=\"DIY Bracelet Workshop with Natural Gemstones &amp; Freshwater Pearls \u2013 Elastic, Multicolor\" srcset=\"https:\/\/natura.jewelry\/wp-content\/uploads\/2025\/07\/IMG_5638b-430x323.jpg 430w, https:\/\/natura.jewelry\/wp-content\/uploads\/2025\/07\/IMG_5638b-400x300.jpg 400w, https:\/\/natura.jewelry\/wp-content\/uploads\/2025\/07\/IMG_5638b-1067x800.jpg 1067w, https:\/\/natura.jewelry\/wp-content\/uploads\/2025\/07\/IMG_5638b-768x576.jpg 768w, https:\/\/natura.jewelry\/wp-content\/uploads\/2025\/07\/IMG_5638b-1536x1152.jpg 1536w, https:\/\/natura.jewelry\/wp-content\/uploads\/2025\/07\/IMG_5638b-700x525.jpg 700w, https:\/\/natura.jewelry\/wp-content\/uploads\/2025\/07\/IMG_5638b-150x113.jpg 150w, https:\/\/natura.jewelry\/wp-content\/uploads\/2025\/07\/IMG_5638b.jpg 1920w\" sizes=\"(max-width: 430px) 100vw, 430px\" \/><\/div>\n\t\t\t\t\t<div class=\"wc-block-grid__product-title\">DIY Bracelet Workshop with Natural Gemstones &amp; Freshwater Pearls \u2013 Elastic, Multicolor<\/div>\n\t\t\t\t<\/a>\n\t\t\t\t<div class=\"wc-block-grid__product-price price\"><span class=\"woocommerce-Price-amount amount\">49&nbsp;<span class=\"woocommerce-Price-currencySymbol\">&euro;<\/span><\/span><\/div>\n\t\t\t\t\n\t\t\t\t<div class=\"wp-block-button wc-block-grid__product-add-to-cart\"><a href=\"\/de\/wp-json\/wp\/v2\/pages\/27356?add-to-cart=32486\" aria-label=\"In den Warenkorb legen: \u201eDIY Bracelet Workshop with Natural Gemstones &amp; Freshwater Pearls \u2013 Elastic, Multicolor\u201c\" data-quantity=\"1\" data-product_id=\"32486\" data-product_sku=\"\" data-price=\"49\" rel=\"nofollow\" class=\"wp-block-button__link  add_to_cart_button ajax_add_to_cart\">In den Warenkorb<\/a><\/div>\n\t\t\t<\/li><\/ul><\/div><\/div>\n<\/div>\n\n\n\n<p><\/p>\n","protected":false},"excerpt":{"rendered":"","protected":false},"author":3,"featured_media":0,"parent":0,"menu_order":0,"comment_status":"closed","ping_status":"closed","template":"","meta":{"_acf_changed":false,"_price":"","_stock":"","_tribe_ticket_header":"","_tribe_default_ticket_provider":"","_tribe_ticket_capacity":"0","_ticket_start_date":"","_ticket_end_date":"","_tribe_ticket_show_description":"","_tribe_ticket_show_not_going":false,"_tribe_ticket_use_global_stock":"","_tribe_ticket_global_stock_level":"","_global_stock_mode":"","_global_stock_cap":"","_tribe_rsvp_for_event":"","_tribe_ticket_going_count":"","_tribe_ticket_not_going_count":"","_tribe_tickets_list":"[]","_tribe_ticket_has_attendee_info_fields":false,"footnotes":"","_tec_slr_enabled":"","_tec_slr_layout":""},"class_list":["post-27356","page","type-page","status-publish","hentry"],"acf":[],"ticketed":false,"_links":{"self":[{"href":"https:\/\/natura.jewelry\/de\/wp-json\/wp\/v2\/pages\/27356","targetHints":{"allow":["GET"]}}],"collection":[{"href":"https:\/\/natura.jewelry\/de\/wp-json\/wp\/v2\/pages"}],"about":[{"href":"https:\/\/natura.jewelry\/de\/wp-json\/wp\/v2\/types\/page"}],"author":[{"embeddable":true,"href":"https:\/\/natura.jewelry\/de\/wp-json\/wp\/v2\/users\/3"}],"replies":[{"embeddable":true,"href":"https:\/\/natura.jewelry\/de\/wp-json\/wp\/v2\/comments?post=27356"}],"version-history":[{"count":5,"href":"https:\/\/natura.jewelry\/de\/wp-json\/wp\/v2\/pages\/27356\/revisions"}],"predecessor-version":[{"id":31400,"href":"https:\/\/natura.jewelry\/de\/wp-json\/wp\/v2\/pages\/27356\/revisions\/31400"}],"wp:attachment":[{"href":"https:\/\/natura.jewelry\/de\/wp-json\/wp\/v2\/media?parent=27356"}],"curies":[{"name":"wp","href":"https:\/\/api.w.org\/{rel}","templated":true}]}}