{"id":27720,"date":"2021-10-12T15:51:09","date_gmt":"2021-10-12T13:51:09","guid":{"rendered":"https:\/\/natura.jewelry\/ueber-uns\/"},"modified":"2024-12-30T21:09:39","modified_gmt":"2024-12-30T20:09:39","slug":"ueber-uns","status":"publish","type":"page","link":"https:\/\/natura.jewelry\/de\/ueber-uns\/","title":{"rendered":"\u00dcber uns"},"content":{"rendered":"\t\t<div data-elementor-type=\"wp-page\" data-elementor-id=\"27720\" class=\"elementor elementor-27720 elementor-4400\" data-elementor-post-type=\"page\">\n\t\t\t\t<div class=\"wd-negative-gap elementor-element elementor-element-7c7c544 e-flex e-con-boxed e-con e-parent\" data-id=\"7c7c544\" data-element_type=\"container\" data-e-type=\"container\">\n\t\t\t\t\t<div class=\"e-con-inner\">\n\t\t<div class=\"elementor-element elementor-element-e7cb5cd e-con-full e-flex e-con e-child\" data-id=\"e7cb5cd\" data-element_type=\"container\" data-e-type=\"container\">\n\t\t\t\t<div class=\"elementor-element elementor-element-56aec39 elementor-widget elementor-widget-wd_image_or_svg\" data-id=\"56aec39\" data-element_type=\"widget\" data-e-type=\"widget\" data-widget_type=\"wd_image_or_svg.default\">\n\t\t\t\t<div class=\"elementor-widget-container\">\n\t\t\t\t\t\n\t\t<div class=\"wd-image text-left\">\n\t\t\t\t\t\t\t\t<img decoding=\"async\" width=\"2560\" height=\"1920\" src=\"https:\/\/natura.jewelry\/wp-content\/uploads\/2024\/07\/3-shells-with-peals-scaled.jpeg\" class=\"attachment-full size-full\" alt=\"\" srcset=\"https:\/\/natura.jewelry\/wp-content\/uploads\/2024\/07\/3-shells-with-peals-scaled.jpeg 2560w, https:\/\/natura.jewelry\/wp-content\/uploads\/2024\/07\/3-shells-with-peals-scaled-430x323.jpeg 430w, https:\/\/natura.jewelry\/wp-content\/uploads\/2024\/07\/3-shells-with-peals-scaled-150x113.jpeg 150w, https:\/\/natura.jewelry\/wp-content\/uploads\/2024\/07\/3-shells-with-peals-scaled-700x525.jpeg 700w, https:\/\/natura.jewelry\/wp-content\/uploads\/2024\/07\/3-shells-with-peals-400x300.jpeg 400w, https:\/\/natura.jewelry\/wp-content\/uploads\/2024\/07\/3-shells-with-peals-1067x800.jpeg 1067w, https:\/\/natura.jewelry\/wp-content\/uploads\/2024\/07\/3-shells-with-peals-768x576.jpeg 768w, https:\/\/natura.jewelry\/wp-content\/uploads\/2024\/07\/3-shells-with-peals-1536x1152.jpeg 1536w, https:\/\/natura.jewelry\/wp-content\/uploads\/2024\/07\/3-shells-with-peals-2048x1536.jpeg 2048w\" sizes=\"(max-width: 2560px) 100vw, 2560px\" \/>\t\t\t\t\t<\/div>\n\n\t\t\t\t\t\t<\/div>\n\t\t\t\t<\/div>\n\t\t\t\t<\/div>\n\t\t<div class=\"elementor-element elementor-element-97d6084 e-con-full e-flex e-con e-child\" data-id=\"97d6084\" data-element_type=\"container\" data-e-type=\"container\">\n\t\t\t\t<div class=\"elementor-element elementor-element-98d830b elementor-widget__width-initial wd-width-100 elementor-widget elementor-widget-wd_title\" data-id=\"98d830b\" data-element_type=\"widget\" data-e-type=\"widget\" data-widget_type=\"wd_title.default\">\n\t\t\t\t<div class=\"elementor-widget-container\">\n\t\t\t\t\t\t\t<div class=\"title-wrapper wd-set-mb reset-last-child wd-title-color-primary wd-title-style-default wd-title-size-medium text-left\">\n\n\t\t\t\n\t\t\t<div class=\"liner-continer\">\n\t\t\t\t<h4 class=\"woodmart-title-container title wd-fontsize-xl\">Die Urspr\u00fcnge des Meisterwerks der Natur<\/h4> \n\t\t\t\t\t\t\t<\/div>\n\n\t\t\t\t\t<\/div>\n\t\t\t\t\t\t<\/div>\n\t\t\t\t<\/div>\n\t\t\t\t<div class=\"elementor-element elementor-element-66e47ad elementor-widget elementor-widget-wd_text_block\" data-id=\"66e47ad\" data-element_type=\"widget\" data-e-type=\"widget\" data-widget_type=\"wd_text_block.default\">\n\t\t\t\t<div class=\"elementor-widget-container\">\n\t\t\t\t\t\t\t<div class=\"wd-text-block reset-last-child text-left\">\n\t\t\t\n\t\t\t<p>Natural Jewelry wurde aus tiefem Respekt vor der unvergleichlichen Sch\u00f6nheit der Natur gegr\u00fcndet. Aus den ruhigen Tiefen der S\u00fc\u00dfwasserseen und -fl\u00fcsse werden schimmernde Perlen geerntet, von denen jede einzelne ein Zeugnis f\u00fcr den Lauf der Zeit und das empfindliche Gleichgewicht des \u00d6kosystems ist. Kristalle, die sich tief im Inneren der Erde gebildet haben, zeugen von Jahrtausenden geologischer Prozesse und treten mit brillanten Farben und einzigartigen Strukturen hervor, die das Auge und den Geist fesseln.<\/p><p>Die Vision\u00e4re hinter Natural Jewelry wollten diese Naturwunder ehren, indem sie St\u00fccke schufen, die nicht nur den K\u00f6rper schm\u00fccken, sondern auch die Geschichte ihrer Herkunft und der Reise ihres Tr\u00e4gers erz\u00e4hlen. Ihre Mission war es, Schmuck herzustellen, der die Essenz der Sch\u00f6nheit der Erde und die Individualit\u00e4t jeder Person, die ihn tr\u00e4gt, verk\u00f6rpert.<\/p>\n\t\t\t\t\t<\/div>\n\t\t\t\t\t\t<\/div>\n\t\t\t\t<\/div>\n\t\t\t\t<\/div>\n\t\t\t\t\t<\/div>\n\t\t\t\t<\/div>\n\t\t<div class=\"wd-negative-gap elementor-element elementor-element-aca0b15 e-flex e-con-boxed e-con e-parent\" data-id=\"aca0b15\" data-element_type=\"container\" data-e-type=\"container\">\n\t\t\t\t\t<div class=\"e-con-inner\">\n\t\t<div class=\"elementor-element elementor-element-cd5331e e-con-full e-flex e-con e-child\" data-id=\"cd5331e\" data-element_type=\"container\" data-e-type=\"container\">\n\t\t\t\t<div class=\"elementor-element elementor-element-f07f5cd elementor-widget__width-initial wd-width-100 elementor-widget elementor-widget-wd_title\" data-id=\"f07f5cd\" data-element_type=\"widget\" data-e-type=\"widget\" data-widget_type=\"wd_title.default\">\n\t\t\t\t<div class=\"elementor-widget-container\">\n\t\t\t\t\t\t\t<div class=\"title-wrapper wd-set-mb reset-last-child wd-title-color-primary wd-title-style-default wd-title-size-medium text-left\">\n\n\t\t\t\n\t\t\t<div class=\"liner-continer\">\n\t\t\t\t<h4 class=\"woodmart-title-container title wd-fontsize-xl\">Handwerkliche Eleganz nach Ma\u00df<\/h4> \n\t\t\t\t\t\t\t<\/div>\n\n\t\t\t\t\t<\/div>\n\t\t\t\t\t\t<\/div>\n\t\t\t\t<\/div>\n\t\t\t\t<div class=\"elementor-element elementor-element-9967adc elementor-widget elementor-widget-wd_text_block\" data-id=\"9967adc\" data-element_type=\"widget\" data-e-type=\"widget\" data-widget_type=\"wd_text_block.default\">\n\t\t\t\t<div class=\"elementor-widget-container\">\n\t\t\t\t\t\t\t<div class=\"wd-text-block reset-last-child text-left\">\n\t\t\t\n\t\t\t<p>Das Herzst\u00fcck von Natural Jewelry ist die Verpflichtung zur Individualisierung und Personalisierung. Jedes St\u00fcck ist eine gemeinschaftliche Kreation, die den pers\u00f6nlichen Stil, die Geschichte und den Geist seines Besitzers widerspiegelt. Die Reise beginnt mit einem Beratungsgespr\u00e4ch, in dem die Kunden ihre Visionen, Vorlieben und die einzigartigen Geschichten, die ihr Schmuck erz\u00e4hlen soll, mitteilen. Erfahrene Kunsthandwerker w\u00e4hlen dann sorgf\u00e4ltig nat\u00fcrliche Perlen und Kristalle aus, die zu den W\u00fcnschen des Kunden passen.<\/p>\n\t\t\t\t\t<\/div>\n\t\t\t\t\t\t<\/div>\n\t\t\t\t<\/div>\n\t\t\t\t<\/div>\n\t\t<div class=\"elementor-element elementor-element-cff600e e-con-full e-flex e-con e-child\" data-id=\"cff600e\" data-element_type=\"container\" data-e-type=\"container\">\n\t\t\t\t<div class=\"elementor-element elementor-element-ba8d3c3 elementor-widget elementor-widget-wd_image_or_svg\" data-id=\"ba8d3c3\" data-element_type=\"widget\" data-e-type=\"widget\" data-widget_type=\"wd_image_or_svg.default\">\n\t\t\t\t<div class=\"elementor-widget-container\">\n\t\t\t\t\t\n\t\t<div class=\"wd-image text-left\">\n\t\t\t\t\t\t\t\t<img decoding=\"async\" width=\"2560\" height=\"2445\" src=\"https:\/\/natura.jewelry\/wp-content\/uploads\/2024\/07\/Headline-photo-gold2-Copy-scaled.jpeg\" class=\"attachment-full size-full\" alt=\"\" srcset=\"https:\/\/natura.jewelry\/wp-content\/uploads\/2024\/07\/Headline-photo-gold2-Copy-scaled.jpeg 2560w, https:\/\/natura.jewelry\/wp-content\/uploads\/2024\/07\/Headline-photo-gold2-Copy-scaled-430x411.jpeg 430w, https:\/\/natura.jewelry\/wp-content\/uploads\/2024\/07\/Headline-photo-gold2-Copy-scaled-150x143.jpeg 150w, https:\/\/natura.jewelry\/wp-content\/uploads\/2024\/07\/Headline-photo-gold2-Copy-scaled-700x669.jpeg 700w, https:\/\/natura.jewelry\/wp-content\/uploads\/2024\/07\/Headline-photo-gold2-Copy-314x300.jpeg 314w, https:\/\/natura.jewelry\/wp-content\/uploads\/2024\/07\/Headline-photo-gold2-Copy-838x800.jpeg 838w, https:\/\/natura.jewelry\/wp-content\/uploads\/2024\/07\/Headline-photo-gold2-Copy-768x734.jpeg 768w, https:\/\/natura.jewelry\/wp-content\/uploads\/2024\/07\/Headline-photo-gold2-Copy-1536x1467.jpeg 1536w, https:\/\/natura.jewelry\/wp-content\/uploads\/2024\/07\/Headline-photo-gold2-Copy-2048x1956.jpeg 2048w\" sizes=\"(max-width: 2560px) 100vw, 2560px\" \/>\t\t\t\t\t<\/div>\n\n\t\t\t\t\t\t<\/div>\n\t\t\t\t<\/div>\n\t\t\t\t<\/div>\n\t\t\t\t\t<\/div>\n\t\t\t\t<\/div>\n\t\t<div class=\"wd-negative-gap elementor-element elementor-element-c6b2883 e-flex e-con-boxed e-con e-parent\" data-id=\"c6b2883\" data-element_type=\"container\" data-e-type=\"container\">\n\t\t\t\t\t<div class=\"e-con-inner\">\n\t\t\t\t<div class=\"elementor-element elementor-element-30994cc wd-width-100 elementor-widget elementor-widget-wd_title\" data-id=\"30994cc\" data-element_type=\"widget\" data-e-type=\"widget\" data-widget_type=\"wd_title.default\">\n\t\t\t\t<div class=\"elementor-widget-container\">\n\t\t\t\t\t\t\t<div class=\"title-wrapper wd-set-mb reset-last-child wd-title-color-default wd-title-style-default wd-title-size-large text-center\">\n\n\t\t\t\n\t\t\t<div class=\"liner-continer\">\n\t\t\t\t<h4 class=\"woodmart-title-container title wd-fontsize-xxl\">Unser Designprozess<\/h4> \n\t\t\t\t\t\t\t<\/div>\n\n\t\t\t\t\t<\/div>\n\t\t\t\t\t\t<\/div>\n\t\t\t\t<\/div>\n\t\t\t\t\t<\/div>\n\t\t\t\t<\/div>\n\t\t<div class=\"wd-negative-gap elementor-element elementor-element-2e4d3d0 e-flex e-con-boxed e-con e-parent\" data-id=\"2e4d3d0\" data-element_type=\"container\" data-e-type=\"container\">\n\t\t\t\t\t<div class=\"e-con-inner\">\n\t\t\t\t<div class=\"elementor-element elementor-element-a06563b elementor-widget elementor-widget-qi_addons_for_elementor_process\" data-id=\"a06563b\" data-element_type=\"widget\" data-e-type=\"widget\" data-widget_type=\"qi_addons_for_elementor_process.default\">\n\t\t\t\t<div class=\"elementor-widget-container\">\n\t\t\t\t\t<div class=\"qodef-shortcode qodef-m qodef-qi-process qodef-qi--has-appear qodef-qi-grid qodef-layout--qi-columns qodef-col-num--3 qodef-item-layout--horizontal qodef-responsive--predefined\">\n\t<div class=\"qodef-grid-inner\">\n\t\t<div class=\"qodef-e qodef-process-item qodef-grid-item elementor-repeater-item-5fe79a5\">\n\t<div class=\"qodef-e-inner\">\n\t\t<div class=\"qodef-e-content\">\n\t\t\t<div class=\"qodef-e-icon-holder\">\n\t<div class=\"qodef-e-icon\">\n\t\t\t\t\t<span class=\"qodef-e-item-icon-text\">\n\t\t\t\t1.\t\t\t<\/span>\n\t\t\t<\/div>\n\t<div class=\"qodef-e-line\">\n\t\t<div class=\"qodef-e-line-inner\"><\/div>\n\t<\/div>\n<\/div>\n\t\t\t\t<h5 class=\"qodef-e-title\">\n\t\tAuswahl an Perlen und Kristallen\t<\/h5>\n\t\t\t\t<p class=\"qodef-e-text\">\n\t\tJede Perle und jeder Kristall wird nach Glanz, Gr\u00f6\u00dfe, Klarheit, nat\u00fcrlicher Sch\u00f6nheit und Einzigartigkeit handverlesen. Diese Perlen und Edelsteine sind der Inbegriff von nat\u00fcrlicher Eleganz. \t<\/p>\n\t\t<\/div>\n\t<\/div>\n<\/div>\n<div class=\"qodef-e qodef-process-item qodef-grid-item elementor-repeater-item-a4a7902\">\n\t<div class=\"qodef-e-inner\">\n\t\t<div class=\"qodef-e-content\">\n\t\t\t<div class=\"qodef-e-icon-holder\">\n\t<div class=\"qodef-e-icon\">\n\t\t\t\t\t<span class=\"qodef-e-item-icon-text\">\n\t\t\t\t2.\t\t\t<\/span>\n\t\t\t<\/div>\n\t<div class=\"qodef-e-line\">\n\t\t<div class=\"qodef-e-line-inner\"><\/div>\n\t<\/div>\n<\/div>\n\t\t\t\t<h5 class=\"qodef-e-title\">\n\t\tIndividuelles Design\t<\/h5>\n\t\t\t\t<p class=\"qodef-e-text\">\n\t\tMit Hilfe traditioneller Schmuckherstellungstechniken fassen die Kunsthandwerker die Perlen und Kristalle in individuelle Designs ein. Jede Fassung wird so gefertigt, dass die nat\u00fcrliche Sch\u00f6nheit der Steine zur Geltung kommt und gleichzeitig Haltbarkeit und Komfort gew\u00e4hrleistet sind.\t<\/p>\n\t\t<\/div>\n\t<\/div>\n<\/div>\n<div class=\"qodef-e qodef-process-item qodef-grid-item elementor-repeater-item-11823fc\">\n\t<div class=\"qodef-e-inner\">\n\t\t<div class=\"qodef-e-content\">\n\t\t\t<div class=\"qodef-e-icon-holder\">\n\t<div class=\"qodef-e-icon\">\n\t\t\t\t\t<span class=\"qodef-e-item-icon-text\">\n\t\t\t\t3.\t\t\t<\/span>\n\t\t\t<\/div>\n\t<div class=\"qodef-e-line\">\n\t\t<div class=\"qodef-e-line-inner\"><\/div>\n\t<\/div>\n<\/div>\n\t\t\t\t<h5 class=\"qodef-e-title\">\n\t\tPers\u00f6nliche Ber\u00fchrungen\t<\/h5>\n\t\t\t\t<p class=\"qodef-e-text\">\n\t\tDie M\u00f6glichkeit, verschiedene Perlen und Kristalle zu kombinieren, bietet unendliche Gestaltungsm\u00f6glichkeiten und sorgt daf\u00fcr, dass kein St\u00fcck dem anderen gleicht.\t<\/p>\n\t\t<\/div>\n\t<\/div>\n<\/div>\n\t<\/div>\n<\/div>\n\t\t\t\t<\/div>\n\t\t\t\t<\/div>\n\t\t\t\t\t<\/div>\n\t\t\t\t<\/div>\n\t\t<div class=\"wd-negative-gap elementor-element elementor-element-169238a e-flex e-con-boxed e-con e-parent\" data-id=\"169238a\" data-element_type=\"container\" data-e-type=\"container\">\n\t\t\t\t\t<div class=\"e-con-inner\">\n\t\t\t\t\t<\/div>\n\t\t\t\t<\/div>\n\t\t\t\t<\/div>\n\t\t","protected":false},"excerpt":{"rendered":"<p>Die Urspr\u00fcnge des Meisterwerks der Natur Natural Jewelry wurde aus tiefem Respekt vor der unvergleichlichen Sch\u00f6nheit der Natur gegr\u00fcndet. Aus<\/p>\n","protected":false},"author":3,"featured_media":0,"parent":0,"menu_order":0,"comment_status":"closed","ping_status":"closed","template":"","meta":{"_acf_changed":false,"_price":"","_stock":"","_tribe_ticket_header":"","_tribe_default_ticket_provider":"","_tribe_ticket_capacity":"0","_ticket_start_date":"","_ticket_end_date":"","_tribe_ticket_show_description":"","_tribe_ticket_show_not_going":false,"_tribe_ticket_use_global_stock":"","_tribe_ticket_global_stock_level":"","_global_stock_mode":"","_global_stock_cap":"","_tribe_rsvp_for_event":"","_tribe_ticket_going_count":"","_tribe_ticket_not_going_count":"","_tribe_tickets_list":"[]","_tribe_ticket_has_attendee_info_fields":false,"footnotes":"","_tec_slr_enabled":"","_tec_slr_layout":""},"class_list":["post-27720","page","type-page","status-publish","hentry"],"acf":[],"ticketed":false,"_links":{"self":[{"href":"https:\/\/natura.jewelry\/de\/wp-json\/wp\/v2\/pages\/27720","targetHints":{"allow":["GET"]}}],"collection":[{"href":"https:\/\/natura.jewelry\/de\/wp-json\/wp\/v2\/pages"}],"about":[{"href":"https:\/\/natura.jewelry\/de\/wp-json\/wp\/v2\/types\/page"}],"author":[{"embeddable":true,"href":"https:\/\/natura.jewelry\/de\/wp-json\/wp\/v2\/users\/3"}],"replies":[{"embeddable":true,"href":"https:\/\/natura.jewelry\/de\/wp-json\/wp\/v2\/comments?post=27720"}],"version-history":[{"count":12,"href":"https:\/\/natura.jewelry\/de\/wp-json\/wp\/v2\/pages\/27720\/revisions"}],"predecessor-version":[{"id":30196,"href":"https:\/\/natura.jewelry\/de\/wp-json\/wp\/v2\/pages\/27720\/revisions\/30196"}],"wp:attachment":[{"href":"https:\/\/natura.jewelry\/de\/wp-json\/wp\/v2\/media?parent=27720"}],"curies":[{"name":"wp","href":"https:\/\/api.w.org\/{rel}","templated":true}]}}