{"id":31622,"date":"2025-07-24T18:41:53","date_gmt":"2025-07-24T16:41:53","guid":{"rendered":"https:\/\/natura.jewelry\/plegehinweise\/"},"modified":"2025-07-25T21:08:16","modified_gmt":"2025-07-25T19:08:16","slug":"plegehinweise","status":"publish","type":"page","link":"https:\/\/natura.jewelry\/de\/plegehinweise\/","title":{"rendered":"Plegehinweise"},"content":{"rendered":"\t\t\t<link rel=\"stylesheet\" id=\"elementor-post-30432-css\" href=\"https:\/\/natura.jewelry\/wp-content\/uploads\/elementor\/css\/post-30432.css?ver=1778652416\" type=\"text\/css\" media=\"all\">\n\t\t\t\t\t<div data-elementor-type=\"wp-post\" data-elementor-id=\"30432\" class=\"elementor elementor-30432 elementor-28055\" data-elementor-post-type=\"cms_block\">\n\t\t\t\t<div class=\"wd-negative-gap elementor-element elementor-element-8a2c47b e-flex e-con-boxed e-con e-parent\" data-id=\"8a2c47b\" data-element_type=\"container\" data-e-type=\"container\">\n\t\t\t\t\t<div class=\"e-con-inner\">\n\t\t<div class=\"elementor-element elementor-element-d38d383 e-con-full elementor-hidden-tablet elementor-hidden-mobile e-flex e-con e-child\" data-id=\"d38d383\" data-element_type=\"container\" data-e-type=\"container\">\n\t\t\t\t<div class=\"elementor-element elementor-element-8fce3e8 elementor-widget elementor-widget-wd_image_or_svg\" data-id=\"8fce3e8\" data-element_type=\"widget\" data-e-type=\"widget\" data-widget_type=\"wd_image_or_svg.default\">\n\t\t\t\t<div class=\"elementor-widget-container\">\n\t\t\t\t\t\n\t\t<div class=\"wd-image text-left\">\n\t\t\t\t\t\t\t\t\t\t\t\t\t<\/div>\n\n\t\t\t\t\t\t<\/div>\n\t\t\t\t<\/div>\n\t\t\t\t<\/div>\n\t\t<div class=\"elementor-element elementor-element-e550d21 e-con-full e-flex e-con e-child\" data-id=\"e550d21\" data-element_type=\"container\" data-e-type=\"container\">\n\t\t\t\t<div class=\"elementor-element elementor-element-3e11a4e wd-width-100 elementor-widget elementor-widget-wd_title\" data-id=\"3e11a4e\" data-element_type=\"widget\" data-e-type=\"widget\" data-widget_type=\"wd_title.default\">\n\t\t\t\t<div class=\"elementor-widget-container\">\n\t\t\t\t\t\t\t<div class=\"title-wrapper wd-set-mb reset-last-child wd-title-color-default wd-title-style-default wd-title-size-default text-center\">\n\n\t\t\t\n\t\t\t<div class=\"liner-continer\">\n\t\t\t\t<h4 class=\"woodmart-title-container title wd-fontsize-l\">Allgemein<\/h4> \n\t\t\t\t\t\t\t<\/div>\n\n\t\t\t\t\t\t\t<div class=\"title-after_title reset-last-child wd-fontsize-xs\">\n\t\t\t\t\t<p>Du kannst die Lebensdauer Deines Schmucks verl\u00e4ngern, indem Du ihn richtig und regelm\u00e4\u00dfig pflegst. Es gibt einige Grundregeln, die Sie beachten sollten, um die Lebensdauer Deiner wertvollen und sch\u00f6nen Schmuckst\u00fccke zu verl\u00e4ngern: <\/p>\t\t\t\t<\/div>\n\t\t\t\t\t<\/div>\n\t\t\t\t\t\t<\/div>\n\t\t\t\t<\/div>\n\t\t\t\t<div class=\"elementor-element elementor-element-b9007c4 elementor-widget elementor-widget-wd_text_block\" data-id=\"b9007c4\" data-element_type=\"widget\" data-e-type=\"widget\" data-widget_type=\"wd_text_block.default\">\n\t\t\t\t<div class=\"elementor-widget-container\">\n\t\t\t\t\t\t\t<div class=\"wd-text-block reset-last-child text-left\">\n\t\t\t\n\t\t\t<ul><li>Ringe und andere Schmuckst\u00fccke sollten m\u00f6glichst nicht bei Haus- und Gartenarbeiten, beim Sport oder beim Baden (Salz- oder Chlorwasser) getragen werden.<\/li><li>Vor dem Schlafengehen oder Duschen sollte der Schmuck abgenommen werden.<\/li><li>Parf\u00fcm oder Haarspray k\u00f6nnen den Schmuck stumpf werden lassen und seinen Glanz verringern. Wir empfehlen, erst Parf\u00fcm, Haarspray oder andere Kosmetika aufzutragen, bevor Sie Ihren Schmuck anlegen. <\/li><li>Seifen-, Creme- und Make-up-R\u00fcckst\u00e4nde k\u00f6nnen mit einem Ultraschallger\u00e4t entfernt werden. Das Ultraschallger\u00e4t sollte nicht mit abrasiven Reinigungsmitteln bef\u00fcllt werden. Am besten verwenden Sie Wasser mit etwas neutralem Reinigungsmittel.<\/li><li>Bitte verwendest Du ein Schmuckreinigungstuch, um leicht angelaufene Stellen zu polieren und Mattheit zu entfernen, damit der Schmuck wieder seinen urspr\u00fcnglichen Glanz erh\u00e4lt. Wenn sich Verf\u00e4rbungen und Mattheit nicht mit dem Schmuckreinigungstuch entfernen lassen, empfehlen wir die Verwendung eines Schmuckbades. <\/li><li>Bitte befolgest Du sorgf\u00e4ltig die Gebrauchsanweisung des von Deinen gekauften Reinigungsmittels. Die besten Ergebnisse werden erzielt, wenn das Schmuckst\u00fcck zun\u00e4chst eingetaucht, dann gr\u00fcndlich getrocknet und schlie\u00dflich mit dem Schmuckreinigungstuch abgerieben und poliert wird. <\/li><li>Schmuck mit nat\u00fcrlichen S\u00fc\u00dfwasserperlen und alle Edelsteine sind ebenfalls nicht f\u00fcr die Reinigung im Schmuckbad geeignet.<\/li><li>Nur die Silberteile k\u00f6nnen mit einem Silbertuch gereinigt werden. Legen Sie nat\u00fcrliche S\u00fc\u00dfwasserperlen oder nat\u00fcrliche Edelsteine nicht in ein Silberbad und reinigen Sie sie nicht mit einem Ultraschallger\u00e4t. <\/li><\/ul>\n\t\t\t\t\t<\/div>\n\t\t\t\t\t\t<\/div>\n\t\t\t\t<\/div>\n\t\t\t\t<\/div>\n\t\t\t\t\t<\/div>\n\t\t\t\t<\/div>\n\t\t<div class=\"wd-negative-gap elementor-element elementor-element-5e3791a e-flex e-con-boxed e-con e-parent\" data-id=\"5e3791a\" data-element_type=\"container\" data-e-type=\"container\">\n\t\t\t\t\t<div class=\"e-con-inner\">\n\t\t<div class=\"elementor-element elementor-element-13e91ad e-con-full e-flex e-con e-child\" data-id=\"13e91ad\" data-element_type=\"container\" data-e-type=\"container\">\n\t\t\t\t<div class=\"elementor-element elementor-element-1ef5373 wd-width-100 elementor-widget elementor-widget-wd_title\" data-id=\"1ef5373\" data-element_type=\"widget\" data-e-type=\"widget\" data-widget_type=\"wd_title.default\">\n\t\t\t\t<div class=\"elementor-widget-container\">\n\t\t\t\t\t\t\t<div class=\"title-wrapper wd-set-mb reset-last-child wd-title-color-default wd-title-style-default wd-title-size-default text-center\">\n\n\t\t\t\n\t\t\t<div class=\"liner-continer\">\n\t\t\t\t<h4 class=\"woodmart-title-container title wd-fontsize-l\">Besondere Anweisungen f\u00fcr Perlen<\/h4> \n\t\t\t\t\t\t\t<\/div>\n\n\t\t\t\t\t\t\t<div class=\"title-after_title reset-last-child wd-fontsize-xs\">\n\t\t\t\t\t<p>Nat\u00fcrliche S\u00fc\u00dfwasserperlen sind zarte organische Edelsteine, die eine sanfte Pflege verdienen, um ihren Glanz und ihre Sch\u00f6nheit zu bewahren. Befolgen Sie diese einfachen Tipps, damit Ihre Perlen jahrelang strahlend sch\u00f6n bleiben: <\/p>\t\t\t\t<\/div>\n\t\t\t\t\t<\/div>\n\t\t\t\t\t\t<\/div>\n\t\t\t\t<\/div>\n\t\t\t\t<div class=\"elementor-element elementor-element-30938dc elementor-widget elementor-widget-wd_text_block\" data-id=\"30938dc\" data-element_type=\"widget\" data-e-type=\"widget\" data-widget_type=\"wd_text_block.default\">\n\t\t\t\t<div class=\"elementor-widget-container\">\n\t\t\t\t\t\t\t<div class=\"wd-text-block reset-last-child text-left\">\n\t\t\t\n\t\t\t<ul><li data-start=\"419\" data-end=\"602\"><p data-start=\"422\" data-end=\"602\"><strong data-start=\"422\" data-end=\"444\">Last On, First Off<\/strong><br data-start=\"444\" data-end=\"447\">Perlen sind empfindlich gegen\u00fcber Kosmetika, Parf\u00fcm und Haarspray. Legen Sie sie immer <em data-start=\"530\" data-end=\"537\">nach<\/em> dem Auftragen von Kosmetikprodukten an und nehmen Sie sie <em data-start=\"582\" data-end=\"590\">vor<\/em> dem Ausziehen ab. <\/p><\/li><li data-start=\"604\" data-end=\"765\"><p data-start=\"607\" data-end=\"765\"><strong data-start=\"607\" data-end=\"639\">Vermeiden Sie den Kontakt mit Chemikalien<\/strong><br data-start=\"639\" data-end=\"642\">Halten Sie Perlen von S\u00e4uren, Haushaltsreinigern, Schwei\u00df und Chlor fern, die ihre Oberfl\u00e4che stumpf machen und das Perlmutt besch\u00e4digen k\u00f6nnen.<\/p><\/li><li data-start=\"767\" data-end=\"907\"><p data-start=\"770\" data-end=\"907\"><strong data-start=\"770\" data-end=\"789\">Tragen Sie sie oft<\/strong><br data-start=\"789\" data-end=\"792\">Perlen profitieren von nat\u00fcrlichen Haut\u00f6len, die ihren Glanz erhalten - achten Sie nur darauf, sie danach sanft abzuwischen.<\/p><\/li><li data-start=\"909\" data-end=\"1115\"><p data-start=\"912\" data-end=\"1115\"><strong data-start=\"912\" data-end=\"931\">Reinigung mit Sorgfalt<\/strong><br data-start=\"931\" data-end=\"934\">Verwenden Sie ein weiches, feuchtes Tuch, um die Perlen nach dem Tragen vorsichtig abzuwischen. Vermeiden Sie Seife, Ultraschallreiniger oder harte B\u00fcrsten. Wenn eine gr\u00fcndlichere Reinigung erforderlich ist, verwenden Sie nur mildes Wasser und ein weiches Tuch.  <\/p><\/li><li data-start=\"1117\" data-end=\"1342\"><p data-start=\"1120\" data-end=\"1342\"><strong data-start=\"1120\" data-end=\"1138\">Richtig lagern<\/strong><br data-start=\"1138\" data-end=\"1141\">Lagern Sie Ihre Perlen separat in einem weichen Beutel oder einer mit Stoff ausgekleideten Schachtel, um Kratzer durch h\u00e4rtere Edelsteine oder Metalle zu vermeiden. Bewahren Sie Ihre Perlen niemals in einer luftdichten Plastikverpackung auf - sie brauchen ein wenig Feuchtigkeit, um nicht auszutrocknen. <\/p><\/li><li data-start=\"1344\" data-end=\"1506\"><p data-start=\"1347\" data-end=\"1506\"><strong data-start=\"1347\" data-end=\"1372\">Regelm\u00e4\u00dfiges Nachspannen<\/strong><br data-start=\"1372\" data-end=\"1375\">Wenn Sie Ihre Perlenkette oder Ihr Armband h\u00e4ufig tragen, lassen Sie sie\/es j\u00e4hrlich nachspannen, indem Sie Knoten zwischen jede Perle setzen, um Reibung und Verlust zu vermeiden.<\/p><\/li><\/ul>\n\t\t\t\t\t<\/div>\n\t\t\t\t\t\t<\/div>\n\t\t\t\t<\/div>\n\t\t\t\t<\/div>\n\t\t<div class=\"elementor-element elementor-element-a5d9a1e e-con-full elementor-hidden-tablet elementor-hidden-mobile e-flex e-con e-child\" data-id=\"a5d9a1e\" data-element_type=\"container\" data-e-type=\"container\">\n\t\t\t\t<div class=\"elementor-element elementor-element-605e646 elementor-widget elementor-widget-wd_image_or_svg\" data-id=\"605e646\" data-element_type=\"widget\" data-e-type=\"widget\" data-widget_type=\"wd_image_or_svg.default\">\n\t\t\t\t<div class=\"elementor-widget-container\">\n\t\t\t\t\t\n\t\t<div class=\"wd-image text-left\">\n\t\t\t\t\t\t\t\t\t\t\t\t\t<\/div>\n\n\t\t\t\t\t\t<\/div>\n\t\t\t\t<\/div>\n\t\t\t\t<\/div>\n\t\t\t\t\t<\/div>\n\t\t\t\t<\/div>\n\t\t<div class=\"wd-negative-gap elementor-element elementor-element-12a9e47 e-flex e-con-boxed e-con e-parent\" data-id=\"12a9e47\" data-element_type=\"container\" data-e-type=\"container\">\n\t\t\t\t\t<div class=\"e-con-inner\">\n\t\t<div class=\"elementor-element elementor-element-0bcffae e-con-full elementor-hidden-tablet elementor-hidden-mobile e-flex e-con e-child\" data-id=\"0bcffae\" data-element_type=\"container\" data-e-type=\"container\">\n\t\t\t\t<div class=\"elementor-element elementor-element-695cd19 elementor-widget elementor-widget-wd_image_or_svg\" data-id=\"695cd19\" data-element_type=\"widget\" data-e-type=\"widget\" data-widget_type=\"wd_image_or_svg.default\">\n\t\t\t\t<div class=\"elementor-widget-container\">\n\t\t\t\t\t\n\t\t<div class=\"wd-image text-left\">\n\t\t\t\t\t\t\t\t<img decoding=\"async\" width=\"1137\" height=\"1516\" src=\"https:\/\/natura.jewelry\/wp-content\/uploads\/2024\/07\/IMG_3490photo-1.jpeg\" class=\"attachment-full size-full\" alt=\"\" srcset=\"https:\/\/natura.jewelry\/wp-content\/uploads\/2024\/07\/IMG_3490photo-1.jpeg 1137w, https:\/\/natura.jewelry\/wp-content\/uploads\/2024\/07\/IMG_3490photo-1-430x573.jpeg 430w, https:\/\/natura.jewelry\/wp-content\/uploads\/2024\/07\/IMG_3490photo-1-150x200.jpeg 150w, https:\/\/natura.jewelry\/wp-content\/uploads\/2024\/07\/IMG_3490photo-1-700x933.jpeg 700w, https:\/\/natura.jewelry\/wp-content\/uploads\/2024\/07\/IMG_3490photo-1-225x300.jpeg 225w, https:\/\/natura.jewelry\/wp-content\/uploads\/2024\/07\/IMG_3490photo-1-600x800.jpeg 600w, https:\/\/natura.jewelry\/wp-content\/uploads\/2024\/07\/IMG_3490photo-1-768x1024.jpeg 768w, https:\/\/natura.jewelry\/wp-content\/uploads\/2024\/07\/IMG_3490photo-1-195x260.jpeg 195w\" sizes=\"(max-width: 1137px) 100vw, 1137px\" \/>\t\t\t\t\t<\/div>\n\n\t\t\t\t\t\t<\/div>\n\t\t\t\t<\/div>\n\t\t\t\t<\/div>\n\t\t<div class=\"elementor-element elementor-element-528f536 e-con-full e-flex e-con e-child\" data-id=\"528f536\" data-element_type=\"container\" data-e-type=\"container\">\n\t\t\t\t<div class=\"elementor-element elementor-element-b400673 wd-width-100 elementor-widget elementor-widget-wd_title\" data-id=\"b400673\" data-element_type=\"widget\" data-e-type=\"widget\" data-widget_type=\"wd_title.default\">\n\t\t\t\t<div class=\"elementor-widget-container\">\n\t\t\t\t\t\t\t<div class=\"title-wrapper wd-set-mb reset-last-child wd-title-color-default wd-title-style-default wd-title-size-default text-center\">\n\n\t\t\t\n\t\t\t<div class=\"liner-continer\">\n\t\t\t\t<h4 class=\"woodmart-title-container title wd-fontsize-l\">Besondere Hinweise f\u00fcr Edelsteine<\/h4> \n\t\t\t\t\t\t\t<\/div>\n\n\t\t\t\t\t\t\t<div class=\"title-after_title reset-last-child wd-fontsize-xs\">\n\t\t\t\t\t<p>Nat\u00fcrliche Edelsteine sind Sch\u00e4tze der Erde - jeder mit einzigartigen Eigenschaften. Damit Ihr Schmuck lebendig und dauerhaft bleibt, beachten Sie bitte diese einfachen Pflegetipps: <\/p>\t\t\t\t<\/div>\n\t\t\t\t\t<\/div>\n\t\t\t\t\t\t<\/div>\n\t\t\t\t<\/div>\n\t\t\t\t<div class=\"elementor-element elementor-element-74e27aa elementor-widget elementor-widget-wd_text_block\" data-id=\"74e27aa\" data-element_type=\"widget\" data-e-type=\"widget\" data-widget_type=\"wd_text_block.default\">\n\t\t\t\t<div class=\"elementor-widget-container\">\n\t\t\t\t\t\t\t<div class=\"wd-text-block reset-last-child text-left\">\n\t\t\t\n\t\t\t<ul><li data-start=\"344\" data-end=\"528\"><p data-start=\"347\" data-end=\"528\"><strong data-start=\"347\" data-end=\"372\">Vermeiden Sie aggressive Chemikalien<\/strong><br data-start=\"372\" data-end=\"375\">Halten Sie Ihre Edelsteine von Parf\u00fcm, Haarspray, Reinigungsmitteln und chlorhaltigem Wasser fern, da diese die Oberfl\u00e4che und den nat\u00fcrlichen Glanz des Steins besch\u00e4digen k\u00f6nnen.<\/p><\/li><li data-start=\"530\" data-end=\"700\"><p data-start=\"533\" data-end=\"700\"><strong data-start=\"533\" data-end=\"553\">Getrennt aufbewahren<\/strong><br data-start=\"553\" data-end=\"556\">Bewahren Sie jedes St\u00fcck in einem weichen Beutel oder einem separaten Fach auf, um Kratzer und Absplitterungen zu vermeiden. Edelsteine k\u00f6nnen empfindlich sein und sich gegenseitig zerkratzen. <\/p><\/li><li data-start=\"702\" data-end=\"881\"><p data-start=\"705\" data-end=\"881\"><strong data-start=\"705\" data-end=\"742\">Vor k\u00f6rperlichen Aktivit\u00e4ten ablegen<br data-start=\"742\" data-end=\"745\"><\/strong>Legen Sie Ihren Schmuck ab, bevor Sie Sport treiben, schwimmen gehen oder Hausarbeit verrichten, um St\u00f6\u00dfe, Feuchtigkeit und den Kontakt mit Schmutz oder \u00d6len zu vermeiden.<\/p><\/li><li data-start=\"883\" data-end=\"1116\"><p data-start=\"886\" data-end=\"1116\"><strong data-start=\"886\" data-end=\"902\">Sanft reinigen<\/strong><br data-start=\"902\" data-end=\"905\">Wischen Sie Edelsteine nach dem Tragen vorsichtig mit einem weichen, feuchten Tuch ab. F\u00fcr eine gr\u00fcndlichere Reinigung verwenden Sie lauwarmes Wasser mit einer milden Seife und einer weichen B\u00fcrste - niemals Ultraschallreiniger oder Dampf f\u00fcr weichere Steine wie Opal oder T\u00fcrkis. <\/p><\/li><li data-start=\"1118\" data-end=\"1283\"><p data-start=\"1121\" data-end=\"1283\"><strong data-start=\"1121\" data-end=\"1160\">Halten Sie sich von extremen Temperaturen fern<\/strong><br data-start=\"1160\" data-end=\"1163\">Vermeiden Sie direktes Sonnenlicht und pl\u00f6tzliche Temperaturschwankungen, da diese die Farben ausbleichen oder Risse in hitzeempfindlichen Steinen verursachen k\u00f6nnen.<\/p><\/li><li data-start=\"1285\" data-end=\"1507\"><p data-start=\"1288\" data-end=\"1507\"><strong data-start=\"1288\" data-end=\"1323\">\"Aufladen\" und Auffrischen (optional)<\/strong><br data-start=\"1323\" data-end=\"1326\">Einige Kunden lieben es, ihre Edelsteine bei Mondlicht oder mit ein wenig Ruhe auf nat\u00fcrlichen Kristallen wie Selenit \"aufzuladen\". Das ist zwar nicht notwendig, aber f\u00fcr viele ein sinnvolles Ritual! <\/p><\/li><\/ul>\n\t\t\t\t\t<\/div>\n\t\t\t\t\t\t<\/div>\n\t\t\t\t<\/div>\n\t\t\t\t<\/div>\n\t\t\t\t\t<\/div>\n\t\t\t\t<\/div>\n\t\t\t\t<\/div>\n\t\t\n","protected":false},"excerpt":{"rendered":"","protected":false},"author":3,"featured_media":0,"parent":0,"menu_order":0,"comment_status":"closed","ping_status":"closed","template":"","meta":{"_acf_changed":false,"_price":"","_stock":"","_tribe_ticket_header":"","_tribe_default_ticket_provider":"","_tribe_ticket_capacity":"0","_ticket_start_date":"","_ticket_end_date":"","_tribe_ticket_show_description":"","_tribe_ticket_show_not_going":false,"_tribe_ticket_use_global_stock":"","_tribe_ticket_global_stock_level":"","_global_stock_mode":"","_global_stock_cap":"","_tribe_rsvp_for_event":"","_tribe_ticket_going_count":"","_tribe_ticket_not_going_count":"","_tribe_tickets_list":"[]","_tribe_ticket_has_attendee_info_fields":false,"footnotes":"","_tec_slr_enabled":"","_tec_slr_layout":""},"class_list":["post-31622","page","type-page","status-publish","hentry"],"acf":[],"ticketed":false,"_links":{"self":[{"href":"https:\/\/natura.jewelry\/de\/wp-json\/wp\/v2\/pages\/31622","targetHints":{"allow":["GET"]}}],"collection":[{"href":"https:\/\/natura.jewelry\/de\/wp-json\/wp\/v2\/pages"}],"about":[{"href":"https:\/\/natura.jewelry\/de\/wp-json\/wp\/v2\/types\/page"}],"author":[{"embeddable":true,"href":"https:\/\/natura.jewelry\/de\/wp-json\/wp\/v2\/users\/3"}],"replies":[{"embeddable":true,"href":"https:\/\/natura.jewelry\/de\/wp-json\/wp\/v2\/comments?post=31622"}],"version-history":[{"count":1,"href":"https:\/\/natura.jewelry\/de\/wp-json\/wp\/v2\/pages\/31622\/revisions"}],"predecessor-version":[{"id":31623,"href":"https:\/\/natura.jewelry\/de\/wp-json\/wp\/v2\/pages\/31622\/revisions\/31623"}],"wp:attachment":[{"href":"https:\/\/natura.jewelry\/de\/wp-json\/wp\/v2\/media?parent=31622"}],"curies":[{"name":"wp","href":"https:\/\/api.w.org\/{rel}","templated":true}]}}