{"id":31554,"date":"2025-07-17T14:25:03","date_gmt":"2025-07-17T12:25:03","guid":{"rendered":"https:\/\/natura.jewelry\/product\/natuerliches-citrin-armband\/"},"modified":"2025-07-17T14:25:03","modified_gmt":"2025-07-17T12:25:03","slug":"natuerliches-citrin-armband","status":"publish","type":"product","link":"https:\/\/natura.jewelry\/de\/product\/natuerliches-citrin-armband\/","title":{"rendered":"Nat\u00fcrliches Citrin-Armband"},"content":{"rendered":"<p data-start=\"585\" data-end=\"598\"><strong data-start=\"585\" data-end=\"598\">Eigenschaften:<\/strong><\/p>\n<ul data-start=\"600\" data-end=\"1108\">\n<li data-start=\"600\" data-end=\"681\">\n<p data-start=\"602\" data-end=\"681\"><strong data-start=\"602\" data-end=\"613\">L\u00e4nge<\/strong>: 18 cm (ca. 7 Zoll) &#8211; eine bequeme Passform f\u00fcr die meisten Handgelenkgr\u00f6\u00dfen<\/p>\n<\/li>\n<li data-start=\"682\" data-end=\"715\">\n<p data-start=\"684\" data-end=\"715\"><strong data-start=\"684\" data-end=\"697\">Edelstein<\/strong>: Nat\u00fcrlicher Citrin<\/p>\n<\/li>\n<li data-start=\"716\" data-end=\"782\">\n<p data-start=\"718\" data-end=\"782\"><strong data-start=\"718\" data-end=\"728\">Farbe<\/strong>: Tiefes, goldenes Gelb bis Bernstein mit ausgezeichneter Klarheit<\/p>\n<\/li>\n<li data-start=\"783\" data-end=\"893\">\n<p data-start=\"785\" data-end=\"808\"><strong data-start=\"785\" data-end=\"806\">Form und Schliff der Perle:<\/strong><\/p>\n<ul data-start=\"811\" data-end=\"893\">\n<li data-start=\"811\" data-end=\"893\">\n<p data-start=\"813\" data-end=\"893\"><strong data-start=\"813\" data-end=\"822\">Rund<\/strong> und <strong data-start=\"827\" data-end=\"838\">facettiert<\/strong> &#8211; fein geschliffene Oberfl\u00e4chen verst\u00e4rken Brillanz und Funkeln<\/p>\n<\/li>\n<\/ul>\n<\/li>\n<li data-start=\"894\" data-end=\"959\">\n<p data-start=\"896\" data-end=\"959\"><strong data-start=\"896\" data-end=\"910\">Gr\u00f6\u00dfe<\/strong>: (Aus dem Bild, gesch\u00e4tzt auf ca. 8-10 mm)<\/p>\n<\/li>\n<li data-start=\"960\" data-end=\"1044\">\n<p data-start=\"962\" data-end=\"1044\"><strong data-start=\"962\" data-end=\"973\">Design<\/strong>: Kein Verschluss &#8211; aufgereiht auf einer haltbaren Stretch-Schnur f\u00fcr Leichtigkeit und Flexibilit\u00e4t<\/p>\n<\/li>\n<li data-start=\"1045\" data-end=\"1108\">\n<p data-start=\"1047\" data-end=\"1108\"><strong data-start=\"1047\" data-end=\"1058\">Oberfl\u00e4che<\/strong>: Hochglanzpoliert, kristallklarer Look mit sauberen Facetten<\/p>\n<\/li>\n<\/ul>\n<hr data-start=\"1110\" data-end=\"1113\">\n<p data-start=\"1115\" data-end=\"1138\"><strong data-start=\"1115\" data-end=\"1138\">Symbolik und Energie:<\/strong><\/p>\n<ul data-start=\"1140\" data-end=\"1343\">\n<li data-start=\"1140\" data-end=\"1209\">\n<p data-start=\"1142\" data-end=\"1209\">Der <strong data-start=\"1142\" data-end=\"1153\">Citrin<\/strong> ist bekannt als der \u201e<strong data-start=\"1171\" data-end=\"1206\">Stein des Erfolgs und des Wohlstands<\/strong>\u201c.<\/p>\n<\/li>\n<li data-start=\"1210\" data-end=\"1290\">\n<p data-start=\"1212\" data-end=\"1290\">Es wird angenommen, dass er die Kraft der Sonne in sich tr\u00e4gt &#8211; energetisierend, kreativ und aufmunternd<\/p>\n<\/li>\n<li data-start=\"1291\" data-end=\"1343\">\n<p data-start=\"1293\" data-end=\"1343\">Assoziiert mit <strong data-start=\"1309\" data-end=\"1343\">Vertrauen, F\u00fclle und Freude<\/strong><\/p>\n<\/li>\n<\/ul>\n<hr data-start=\"1782\" data-end=\"1785\">\n<p data-start=\"1787\" data-end=\"1801\"><strong data-start=\"1787\" data-end=\"1801\">Verpackung:<\/strong><\/p>\n<ul data-start=\"1803\" data-end=\"1885\">\n<li data-start=\"1803\" data-end=\"1885\">\n<p data-start=\"1805\" data-end=\"1885\">Wird in einer eleganten Geschenkbox oder einem weichen Samtbeutel zur Aufbewahrung oder zum Verschenken geliefert<\/p>\n<\/li>\n<\/ul>\n","protected":false},"excerpt":{"rendered":"<p>K\u00fchn, leuchtend und voller goldener W\u00e4rme: Dieses Armband aus <strong data-start=\"250\" data-end=\"290\">nat\u00fcrlichem dunkelgelben Citrin<\/strong> ist ein strahlendes St\u00fcck aus <strong data-start=\"323\" data-end=\"359\">hochwertigen runden Citrin-Perlen<\/strong>, die <strong data-start=\"371\" data-end=\"384\">pr\u00e4zise geschliffen<\/strong> sind und das Licht bei jeder Bewegung reflektieren. Die satten bernsteingelben T\u00f6ne erinnern an die Energie des Sonnenlichts und des \u00dcberflusses, w\u00e4hrend das <strong data-start=\"505\" data-end=\"534\">verschlusslose Stretch-Design<\/strong> m\u00fchelosen Komfort und Vielseitigkeit gew\u00e4hrleistet. <\/p>\n<p>&nbsp;<\/p>\n","protected":false},"featured_media":31336,"template":"","meta":{"_acf_changed":false,"_price":"59","_stock":"","_tribe_ticket_header":"","_tribe_default_ticket_provider":"","_tribe_ticket_capacity":"","_ticket_start_date":"","_ticket_end_date":"","_tribe_ticket_show_description":"","_tribe_ticket_show_not_going":false,"_tribe_ticket_use_global_stock":"","_tribe_ticket_global_stock_level":"","_global_stock_mode":"","_global_stock_cap":"","_tribe_rsvp_for_event":"","_tribe_ticket_going_count":"","_tribe_ticket_not_going_count":"","_tribe_tickets_list":"[]","_tribe_ticket_has_attendee_info_fields":false,"_tec_slr_enabled":"","_tec_slr_layout":""},"product_brand":[],"product_cat":[136,204],"product_tag":[],"class_list":{"0":"post-31554","1":"product","2":"type-product","3":"status-publish","4":"has-post-thumbnail","6":"product_cat-armbaender","7":"product_cat-edelstein-armband","9":"first","10":"instock","11":"sale","12":"taxable","13":"shipping-taxable","14":"purchasable","15":"product-type-simple"},"acf":[],"_links":{"self":[{"href":"https:\/\/natura.jewelry\/de\/wp-json\/wp\/v2\/product\/31554","targetHints":{"allow":["GET"]}}],"collection":[{"href":"https:\/\/natura.jewelry\/de\/wp-json\/wp\/v2\/product"}],"about":[{"href":"https:\/\/natura.jewelry\/de\/wp-json\/wp\/v2\/types\/product"}],"wp:featuredmedia":[{"embeddable":true,"href":"https:\/\/natura.jewelry\/de\/wp-json\/wp\/v2\/media\/31336"}],"wp:attachment":[{"href":"https:\/\/natura.jewelry\/de\/wp-json\/wp\/v2\/media?parent=31554"}],"wp:term":[{"taxonomy":"product_brand","embeddable":true,"href":"https:\/\/natura.jewelry\/de\/wp-json\/wp\/v2\/product_brand?post=31554"},{"taxonomy":"product_cat","embeddable":true,"href":"https:\/\/natura.jewelry\/de\/wp-json\/wp\/v2\/product_cat?post=31554"},{"taxonomy":"product_tag","embeddable":true,"href":"https:\/\/natura.jewelry\/de\/wp-json\/wp\/v2\/product_tag?post=31554"}],"curies":[{"name":"wp","href":"https:\/\/api.w.org\/{rel}","templated":true}]}}