{"id":31555,"date":"2025-07-17T14:19:46","date_gmt":"2025-07-17T12:19:46","guid":{"rendered":"https:\/\/natura.jewelry\/product\/natuerliches-edelstein-kugel-armband-18cm\/"},"modified":"2025-07-17T14:19:46","modified_gmt":"2025-07-17T12:19:46","slug":"natuerliches-edelstein-kugel-armband-18cm","status":"publish","type":"product","link":"https:\/\/natura.jewelry\/de\/product\/natuerliches-edelstein-kugel-armband-18cm\/","title":{"rendered":"Nat\u00fcrliches Edelstein-Kugel-Armband (18cm)"},"content":{"rendered":"<p data-start=\"774\" data-end=\"787\"><strong data-start=\"774\" data-end=\"787\">Eigenschaften:<\/strong><\/p>\n<ul data-start=\"789\" data-end=\"1608\">\n<li data-start=\"789\" data-end=\"860\">\n<p data-start=\"791\" data-end=\"860\"><strong data-start=\"791\" data-end=\"802\">L\u00e4nge<\/strong>: 18 cm (ca. 7 Zoll) &#8211; passt bequem an die meisten Handgelenke<\/p>\n<\/li>\n<li data-start=\"861\" data-end=\"934\">\n<p data-start=\"863\" data-end=\"934\"><strong data-start=\"863\" data-end=\"874\">Design<\/strong>: Verschlussloses, elastisches Stretch-Armband f\u00fcr Leichtigkeit und Komfort<\/p>\n<\/li>\n<li data-start=\"935\" data-end=\"1332\">\n<p data-start=\"937\" data-end=\"962\"><strong data-start=\"937\" data-end=\"960\">Enthaltene Edelsteine:<\/strong><\/p>\n<ul data-start=\"965\" data-end=\"1332\">\n<li data-start=\"965\" data-end=\"1036\">\n<p data-start=\"967\" data-end=\"1036\"><strong data-start=\"967\" data-end=\"982\">Rosenquarz<\/strong> &#8211; zartes Rosa, symbolisiert Liebe und emotionale Heilung<\/p>\n<\/li>\n<li data-start=\"1039\" data-end=\"1114\">\n<p data-start=\"1041\" data-end=\"1114\"><strong data-start=\"1041\" data-end=\"1053\">Amethyst<\/strong> &#8211; lavendellila, bekannt f\u00fcr Ruhe und spirituellen Schutz<\/p>\n<\/li>\n<li data-start=\"1117\" data-end=\"1193\">\n<p data-start=\"1119\" data-end=\"1193\"><strong data-start=\"1119\" data-end=\"1130\">Citrin<\/strong> &#8211; goldgelb, assoziiert mit Freude, Klarheit und \u00dcberfluss<\/p>\n<\/li>\n<li data-start=\"1196\" data-end=\"1261\">\n<p data-start=\"1198\" data-end=\"1261\"><strong data-start=\"1198\" data-end=\"1209\">Peridot<\/strong> &#8211; gr\u00fcn, steht f\u00fcr Erneuerung, Wachstum und Energie<\/p>\n<\/li>\n<li data-start=\"1264\" data-end=\"1332\">\n<p data-start=\"1266\" data-end=\"1332\"><strong data-start=\"1266\" data-end=\"1280\">Aquamarin<\/strong> &#8211; eisiges Blau, f\u00f6rdert Frieden, Mut und Ausgeglichenheit<\/p>\n<\/li>\n<\/ul>\n<\/li>\n<li data-start=\"1333\" data-end=\"1422\">\n<p data-start=\"1335\" data-end=\"1422\"><strong data-start=\"1335\" data-end=\"1351\">Form &amp; Schliff<\/strong>: Runde facettierte Perlen &#8211; Pr\u00e4zisionsschliff f\u00fcr zus\u00e4tzliche Brillanz und Funkeln<\/p>\n<\/li>\n<li data-start=\"1423\" data-end=\"1489\">\n<p data-start=\"1425\" data-end=\"1489\"><strong data-start=\"1425\" data-end=\"1437\">Klarheit<\/strong>: hochtransparente Steine mit glasartiger Oberfl\u00e4che<\/p>\n<\/li>\n<li data-start=\"1490\" data-end=\"1553\">\n<p data-start=\"1492\" data-end=\"1553\"><strong data-start=\"1492\" data-end=\"1506\">Perlengr\u00f6\u00dfe<\/strong>: (Sch\u00e4tzung nach Bild) ca. 8-10 mm<\/p>\n<\/li>\n<li data-start=\"1554\" data-end=\"1608\">\n<p data-start=\"1556\" data-end=\"1608\"><strong data-start=\"1556\" data-end=\"1565\">Gef\u00fchl<\/strong>: Leicht und seidig weich auf der Haut<\/p>\n<\/li>\n<\/ul>\n<p data-start=\"2079\" data-end=\"2093\"><strong data-start=\"2079\" data-end=\"2093\">Verpackung:<\/strong><\/p>\n<ul data-start=\"2094\" data-end=\"2179\">\n<li data-start=\"2094\" data-end=\"2179\">\n<p data-start=\"2096\" data-end=\"2179\">Wundersch\u00f6n pr\u00e4sentiert in einem weichen Samtbeutel oder einer Geschenkbox zum Schutz und Verschenken<\/p>\n<\/li>\n<\/ul>\n","protected":false},"excerpt":{"rendered":"<p data-start=\"367\" data-end=\"767\">Ein strahlender Ausdruck von Farbe und Klarheit. Dieses Armband aus <strong data-start=\"415\" data-end=\"444\">nat\u00fcrlichen Edelsteinen<\/strong> besteht aus einer harmonischen Mischung aus <strong data-start=\"476\" data-end=\"491\">Rosenquarz<\/strong>, <strong data-start=\"493\" data-end=\"505\">Amethyst<\/strong>, <strong data-start=\"507\" data-end=\"518\">Citrin<\/strong>, <strong data-start=\"520\" data-end=\"531\">Peridot<\/strong> und <strong data-start=\"537\" data-end=\"551\">Aquamarin<\/strong>, die jeweils zu <strong data-start=\"567\" data-end=\"613\">polierten runden Perlen mit facettierten Oberfl\u00e4chen<\/strong> geschliffen sind, die im Licht funkeln. Das <strong data-start=\"671\" data-end=\"694\">18 cm lange Stretcharmband <\/strong>hat keinen Verschluss und l\u00e4sst sich m\u00fchelos am Handgelenk tragen. <\/p>\n","protected":false},"featured_media":31328,"template":"","meta":{"_acf_changed":false,"_price":"99","_stock":"","_tribe_ticket_header":"","_tribe_default_ticket_provider":"","_tribe_ticket_capacity":"","_ticket_start_date":"","_ticket_end_date":"","_tribe_ticket_show_description":"","_tribe_ticket_show_not_going":false,"_tribe_ticket_use_global_stock":"","_tribe_ticket_global_stock_level":"","_global_stock_mode":"","_global_stock_cap":"","_tribe_rsvp_for_event":"","_tribe_ticket_going_count":"","_tribe_ticket_not_going_count":"","_tribe_tickets_list":"[]","_tribe_ticket_has_attendee_info_fields":false,"_tec_slr_enabled":"","_tec_slr_layout":""},"product_brand":[],"product_cat":[136,204],"product_tag":[],"class_list":{"0":"post-31555","1":"product","2":"type-product","3":"status-publish","4":"has-post-thumbnail","6":"product_cat-armbaender","7":"product_cat-edelstein-armband","9":"first","10":"instock","11":"sale","12":"taxable","13":"shipping-taxable","14":"purchasable","15":"product-type-simple"},"acf":[],"_links":{"self":[{"href":"https:\/\/natura.jewelry\/de\/wp-json\/wp\/v2\/product\/31555","targetHints":{"allow":["GET"]}}],"collection":[{"href":"https:\/\/natura.jewelry\/de\/wp-json\/wp\/v2\/product"}],"about":[{"href":"https:\/\/natura.jewelry\/de\/wp-json\/wp\/v2\/types\/product"}],"wp:featuredmedia":[{"embeddable":true,"href":"https:\/\/natura.jewelry\/de\/wp-json\/wp\/v2\/media\/31328"}],"wp:attachment":[{"href":"https:\/\/natura.jewelry\/de\/wp-json\/wp\/v2\/media?parent=31555"}],"wp:term":[{"taxonomy":"product_brand","embeddable":true,"href":"https:\/\/natura.jewelry\/de\/wp-json\/wp\/v2\/product_brand?post=31555"},{"taxonomy":"product_cat","embeddable":true,"href":"https:\/\/natura.jewelry\/de\/wp-json\/wp\/v2\/product_cat?post=31555"},{"taxonomy":"product_tag","embeddable":true,"href":"https:\/\/natura.jewelry\/de\/wp-json\/wp\/v2\/product_tag?post=31555"}],"curies":[{"name":"wp","href":"https:\/\/api.w.org\/{rel}","templated":true}]}}