{"id":31557,"date":"2025-07-17T14:01:46","date_gmt":"2025-07-17T12:01:46","guid":{"rendered":"https:\/\/natura.jewelry\/product\/gemischtes-edelstein-armband-18cm\/"},"modified":"2025-07-17T14:01:46","modified_gmt":"2025-07-17T12:01:46","slug":"gemischtes-edelstein-armband-18cm","status":"publish","type":"product","link":"https:\/\/natura.jewelry\/de\/product\/gemischtes-edelstein-armband-18cm\/","title":{"rendered":"Gemischtes Edelstein-Armband (18cm)"},"content":{"rendered":"<p data-start=\"780\" data-end=\"793\"><strong data-start=\"780\" data-end=\"793\">Eigenschaften:<\/strong><\/p>\n<ul data-start=\"795\" data-end=\"1623\">\n<li data-start=\"795\" data-end=\"871\">\n<p data-start=\"797\" data-end=\"871\"><strong data-start=\"797\" data-end=\"808\">L\u00e4nge<\/strong>: 18 cm (ca. 7 Zoll) &#8211; passt bequem auf die meisten Handgelenkgr\u00f6\u00dfen<\/p>\n<\/li>\n<li data-start=\"872\" data-end=\"1265\">\n<p data-start=\"874\" data-end=\"896\"><strong data-start=\"874\" data-end=\"894\">Enthaltene Steine:<\/strong><\/p>\n<ul data-start=\"899\" data-end=\"1265\">\n<li data-start=\"899\" data-end=\"974\">\n<p data-start=\"901\" data-end=\"974\"><strong data-start=\"901\" data-end=\"916\">Rosenquarz<\/strong> &#8211; zartes Rosa, assoziiert mit Liebe und emotionaler Heilung<\/p>\n<\/li>\n<li data-start=\"977\" data-end=\"1047\">\n<p data-start=\"979\" data-end=\"1047\"><strong data-start=\"979\" data-end=\"991\">Amethyst<\/strong> &#8211; hellviolett, bekannt f\u00fcr beruhigende und ausgleichende Energie<\/p>\n<\/li>\n<li data-start=\"1050\" data-end=\"1123\">\n<p data-start=\"1052\" data-end=\"1123\"><strong data-start=\"1052\" data-end=\"1063\">Citrin<\/strong> &#8211; goldgelb, verbunden mit Freude, Zuversicht und \u00dcberfluss<\/p>\n<\/li>\n<li data-start=\"1126\" data-end=\"1187\">\n<p data-start=\"1128\" data-end=\"1187\"><strong data-start=\"1128\" data-end=\"1139\">Peridot<\/strong> &#8211; hellgr\u00fcn, symbolisiert Erneuerung und Wachstum<\/p>\n<\/li>\n<li data-start=\"1190\" data-end=\"1265\">\n<p data-start=\"1192\" data-end=\"1265\"><strong data-start=\"1192\" data-end=\"1206\">Aquamarin<\/strong> &#8211; blassblau, verbunden mit Klarheit, Frieden und beruhigender Energie<\/p>\n<\/li>\n<\/ul>\n<\/li>\n<li data-start=\"1266\" data-end=\"1372\">\n<p data-start=\"1268\" data-end=\"1372\"><strong data-start=\"1268\" data-end=\"1278\">Form<\/strong>: Unregelm\u00e4\u00dfig &#8211; jeder Stein ist von Natur aus einzigartig und gut poliert f\u00fcr einen klaren Schliff<\/p>\n<\/li>\n<li data-start=\"1373\" data-end=\"1452\">\n<p data-start=\"1375\" data-end=\"1452\"><strong data-start=\"1375\" data-end=\"1385\">Farbe<\/strong>: Eine lebendige, mehrfarbige Mischung mit weichen \u00dcberg\u00e4ngen zwischen den Steinen<\/p>\n<\/li>\n<li data-start=\"1453\" data-end=\"1557\">\n<p data-start=\"1455\" data-end=\"1557\"><strong data-start=\"1455\" data-end=\"1466\">Design<\/strong>: Durchgehender Strang ohne Verschluss &#8211; aufgereiht auf einer haltbaren elastischen Kordel f\u00fcr einfaches Anziehen<\/p>\n<\/li>\n<li data-start=\"1558\" data-end=\"1623\">\n<p data-start=\"1560\" data-end=\"1623\"><strong data-start=\"1560\" data-end=\"1569\">Gef\u00fchl<\/strong>: Komfortabel, perfekt f\u00fcr den t\u00e4glichen Gebrauch<\/p>\n<\/li>\n<\/ul>\n<p data-start=\"1997\" data-end=\"2011\"><strong data-start=\"1997\" data-end=\"2011\">Verpackung:<\/strong><\/p>\n<ul data-start=\"2012\" data-end=\"2100\">\n<li data-start=\"2012\" data-end=\"2100\">\n<p data-start=\"2014\" data-end=\"2100\">Wird in einem weichen Beutel mit Kordelzug oder in einem Schmuckk\u00e4stchen geliefert und kann verschenkt werden.<\/p>\n<\/li>\n<\/ul>\n","protected":false},"excerpt":{"rendered":"<p>Lebendig, erdig und voller positiver Energie &#8211; dieses Armband aus <strong data-start=\"352\" data-end=\"381\">nat\u00fcrlichen Edelsteinen<\/strong> vereint die sanfte Sch\u00f6nheit des <strong data-start=\"417\" data-end=\"432\">Rosenquarzes<\/strong>, die beruhigende Kraft des <strong data-start=\"458\" data-end=\"470\">Amethysts<\/strong>, die W\u00e4rme des <strong data-start=\"486\" data-end=\"497\">Zitrins<\/strong>, die Frische des <strong data-start=\"516\" data-end=\"527\">Peridots<\/strong> und die k\u00fchle Gelassenheit des <strong data-start=\"554\" data-end=\"568\">Aquamarins<\/strong>. Jeder Stein wird in seiner <strong data-start=\"596\" data-end=\"624\">unregelm\u00e4\u00dfigen, organischen Form<\/strong> belassen, um seine nat\u00fcrliche Textur und Individualit\u00e4t zu betonen. Dieses Armband ist als durchgehender Strang ohne Verschluss konzipiert und bietet einen einfachen, bequemen Sitz.  <\/p>\n","protected":false},"featured_media":31318,"template":"","meta":{"_acf_changed":false,"_price":"39","_stock":"","_tribe_ticket_header":"","_tribe_default_ticket_provider":"","_tribe_ticket_capacity":"","_ticket_start_date":"","_ticket_end_date":"","_tribe_ticket_show_description":"","_tribe_ticket_show_not_going":false,"_tribe_ticket_use_global_stock":"","_tribe_ticket_global_stock_level":"","_global_stock_mode":"","_global_stock_cap":"","_tribe_rsvp_for_event":"","_tribe_ticket_going_count":"","_tribe_ticket_not_going_count":"","_tribe_tickets_list":"[]","_tribe_ticket_has_attendee_info_fields":false,"_tec_slr_enabled":"","_tec_slr_layout":""},"product_brand":[],"product_cat":[136,204],"product_tag":[],"class_list":{"0":"post-31557","1":"product","2":"type-product","3":"status-publish","4":"has-post-thumbnail","6":"product_cat-armbaender","7":"product_cat-edelstein-armband","9":"first","10":"instock","11":"sale","12":"taxable","13":"shipping-taxable","14":"purchasable","15":"product-type-simple"},"acf":[],"_links":{"self":[{"href":"https:\/\/natura.jewelry\/de\/wp-json\/wp\/v2\/product\/31557","targetHints":{"allow":["GET"]}}],"collection":[{"href":"https:\/\/natura.jewelry\/de\/wp-json\/wp\/v2\/product"}],"about":[{"href":"https:\/\/natura.jewelry\/de\/wp-json\/wp\/v2\/types\/product"}],"wp:featuredmedia":[{"embeddable":true,"href":"https:\/\/natura.jewelry\/de\/wp-json\/wp\/v2\/media\/31318"}],"wp:attachment":[{"href":"https:\/\/natura.jewelry\/de\/wp-json\/wp\/v2\/media?parent=31557"}],"wp:term":[{"taxonomy":"product_brand","embeddable":true,"href":"https:\/\/natura.jewelry\/de\/wp-json\/wp\/v2\/product_brand?post=31557"},{"taxonomy":"product_cat","embeddable":true,"href":"https:\/\/natura.jewelry\/de\/wp-json\/wp\/v2\/product_cat?post=31557"},{"taxonomy":"product_tag","embeddable":true,"href":"https:\/\/natura.jewelry\/de\/wp-json\/wp\/v2\/product_tag?post=31557"}],"curies":[{"name":"wp","href":"https:\/\/api.w.org\/{rel}","templated":true}]}}