{"id":31568,"date":"2025-07-03T12:30:14","date_gmt":"2025-07-03T10:30:14","guid":{"rendered":"https:\/\/natura.jewelry\/product\/natuerliche-weisse-perlen-halskette-und-armband-set-80cm-18cm\/"},"modified":"2025-08-11T22:18:47","modified_gmt":"2025-08-11T20:18:47","slug":"natuerliche-weisse-perlen-halskette-und-armband-set-80cm-18cm","status":"publish","type":"product","link":"https:\/\/natura.jewelry\/de\/product\/natuerliche-weisse-perlen-halskette-und-armband-set-80cm-18cm\/","title":{"rendered":"Naturwei\u00dfes S\u00fc\u00dfwasserperlen-Schmuckset \u2013 Halskette &amp; Armband, handgekn\u00fcpft, 4\u20139 mm Perlen"},"content":{"rendered":"<p>Dieses elegante Schmuckset besteht aus einer passenden Halskette und einem Armband aus nat\u00fcrlichen wei\u00dfen S\u00fc\u00dfwasserperlen. Die Halskette in Opernl\u00e4nge misst ca. 75 cm (29 Zoll) und kann vielseitig als einzelne Kette oder doppelt f\u00fcr einen mehrschichtigen Look getragen werden. Jede 7\u20139 mm gro\u00dfe Perle ist handgekn\u00fcpft, um die Festigkeit zu erh\u00f6hen und einen anmutigen Fall zu erzielen.  <\/p>\n<p>Das passende Armband ist 18 cm lang und passt bequem und sicher an die meisten Handgelenke. Es besteht aus kleineren 4\u20135 mm gro\u00dfen Perlen, die ihm einen zarten und dennoch harmonischen Look verleihen, und ist handgekn\u00fcpft, um eine lange Haltbarkeit zu gew\u00e4hrleisten. <\/p>\n<p>Beide St\u00fccke bestehen aus nat\u00fcrlichen S\u00fc\u00dfwasserperlen mit einem klassischen Wei\u00dfton und sanften Ros\u00e9- und Elfenbeint\u00f6nen. Die \u00fcberwiegend runden oder fast runden Perlen haben eine glatte Oberfl\u00e4che mit minimalen nat\u00fcrlichen Unregelm\u00e4\u00dfigkeiten und zeichnen sich durch einen hohen Glanz aus, der ihr Leuchten verst\u00e4rkt. <\/p>\n<p>Dieses Set wird in einer eleganten Geschenkbox pr\u00e4sentiert und ist ein zeitloses und raffiniertes Geschenk f\u00fcr Hochzeiten, formelle Anl\u00e4sse oder den eleganten Alltag.<\/p>\n","protected":false},"excerpt":{"rendered":"<p>Passendes Set aus wei\u00dfer S\u00fc\u00dfwasserperlenkette (75 cm) und Armband (18 cm) mit handgekn\u00fcpften Perlen, hohem Glanz und geschenkfertiger Verpackung.<\/p>\n","protected":false},"featured_media":31841,"template":"","meta":{"_acf_changed":false,"_price":"129","_stock":"","_tribe_ticket_header":"","_tribe_default_ticket_provider":"","_tribe_ticket_capacity":"","_ticket_start_date":"","_ticket_end_date":"","_tribe_ticket_show_description":"","_tribe_ticket_show_not_going":false,"_tribe_ticket_use_global_stock":"","_tribe_ticket_global_stock_level":"","_global_stock_mode":"","_global_stock_cap":"","_tribe_rsvp_for_event":"","_tribe_ticket_going_count":"","_tribe_ticket_not_going_count":"","_tribe_tickets_list":"[]","_tribe_ticket_has_attendee_info_fields":false,"_tec_slr_enabled":"","_tec_slr_layout":""},"product_brand":[],"product_cat":[136,137,207,203],"product_tag":[],"class_list":{"0":"post-31568","1":"product","2":"type-product","3":"status-publish","4":"has-post-thumbnail","6":"product_cat-armbaender","7":"product_cat-geschenk-set","8":"product_cat-necklace-de","9":"product_cat-perlenschmuck","11":"first","12":"instock","13":"taxable","14":"shipping-taxable","15":"purchasable","16":"product-type-simple"},"acf":[],"_links":{"self":[{"href":"https:\/\/natura.jewelry\/de\/wp-json\/wp\/v2\/product\/31568","targetHints":{"allow":["GET"]}}],"collection":[{"href":"https:\/\/natura.jewelry\/de\/wp-json\/wp\/v2\/product"}],"about":[{"href":"https:\/\/natura.jewelry\/de\/wp-json\/wp\/v2\/types\/product"}],"wp:featuredmedia":[{"embeddable":true,"href":"https:\/\/natura.jewelry\/de\/wp-json\/wp\/v2\/media\/31841"}],"wp:attachment":[{"href":"https:\/\/natura.jewelry\/de\/wp-json\/wp\/v2\/media?parent=31568"}],"wp:term":[{"taxonomy":"product_brand","embeddable":true,"href":"https:\/\/natura.jewelry\/de\/wp-json\/wp\/v2\/product_brand?post=31568"},{"taxonomy":"product_cat","embeddable":true,"href":"https:\/\/natura.jewelry\/de\/wp-json\/wp\/v2\/product_cat?post=31568"},{"taxonomy":"product_tag","embeddable":true,"href":"https:\/\/natura.jewelry\/de\/wp-json\/wp\/v2\/product_tag?post=31568"}],"curies":[{"name":"wp","href":"https:\/\/api.w.org\/{rel}","templated":true}]}}